{"id":325,"date":"2023-04-25T14:16:05","date_gmt":"2023-04-25T21:16:05","guid":{"rendered":"https:\/\/telico.ca\/fr\/?page_id=325"},"modified":"2023-05-26T16:12:06","modified_gmt":"2023-05-26T23:12:06","slug":"partenaires","status":"publish","type":"page","link":"https:\/\/telico.ca\/fr\/partenaires\/","title":{"rendered":"Partenaires"},"content":{"rendered":"\n<div class=\"wp-block-cover is-style-hero\"><span aria-hidden=\"true\" class=\"wp-block-cover__background has-foreground-background-color has-background-dim-80 has-background-dim\"><\/span><img decoding=\"async\" loading=\"lazy\" width=\"2560\" height=\"1440\" class=\"wp-block-cover__image-background wp-image-298\" alt=\"\" src=\"https:\/\/telico.ca\/fr\/wp-content\/uploads\/2023\/04\/Telico-AboutUs-Hero.jpg\" data-object-fit=\"cover\" srcset=\"https:\/\/telico.ca\/fr\/wp-content\/uploads\/2023\/04\/Telico-AboutUs-Hero.jpg 2560w, https:\/\/telico.ca\/fr\/wp-content\/uploads\/2023\/04\/Telico-AboutUs-Hero-1200x675.jpg 1200w, https:\/\/telico.ca\/fr\/wp-content\/uploads\/2023\/04\/Telico-AboutUs-Hero-1920x1080.jpg 1920w, https:\/\/telico.ca\/fr\/wp-content\/uploads\/2023\/04\/Telico-AboutUs-Hero-768x432.jpg 768w, https:\/\/telico.ca\/fr\/wp-content\/uploads\/2023\/04\/Telico-AboutUs-Hero-1536x864.jpg 1536w, https:\/\/telico.ca\/fr\/wp-content\/uploads\/2023\/04\/Telico-AboutUs-Hero-2048x1152.jpg 2048w\" sizes=\"(max-width: 2560px) 100vw, 2560px\" \/><div class=\"wp-block-cover__inner-container\">\n<h1 class=\"wp-block-heading has-text-align-center\">Cr\u00e9ons ensemble un avenir plus  <em>connect\u00e9.<\/em> <\/h1>\n<\/div><button class=\"hero-scroll\">Scroll<\/button><\/div>\n\n\n\n<div class=\"wp-block-group is-style-page-section is-style-about-story-section is-layout-flow\">\n<div class=\"wp-block-group is-style-section-intro-cap is-content-justification-space-between is-nowrap is-layout-flex wp-container-1\">\n<figure class=\"wp-block-image size-full\"><img decoding=\"async\" loading=\"lazy\" width=\"43\" height=\"58\" src=\"https:\/\/telico.ca\/fr\/wp-content\/uploads\/2023\/04\/telico-icon.png\" alt=\"\" class=\"wp-image-155\"\/><\/figure>\n\n\n\n<p><br>N\u00e9 \u00e0 Montr\u00e9al, Qu\u00e9bec<\/p>\n<\/div>\n\n\n\n<p class=\"is-style-leading-paragraph is-style-about-preamble\">Nous travaillons \u00e0 l&#8217;\u00e9chelle du Canada pour fournir les derniers syst\u00e8mes de t\u00e9l\u00e9communication VoIP aux entreprises, et nous avons besoin des bons partenaires pour nous aider.<\/p>\n\n\n\n<div class=\"wp-block-media-text alignwide is-stacked-on-mobile is-image-fill is-style-about-story\"><figure class=\"wp-block-media-text__media\" style=\"background-image:url(https:\/\/telico.ca\/fr\/wp-content\/uploads\/2023\/04\/AdobeStock_150624098-1920x1280.jpeg);background-position:37% 51%\"><img decoding=\"async\" loading=\"lazy\" width=\"1920\" height=\"1280\" src=\"https:\/\/telico.ca\/fr\/wp-content\/uploads\/2023\/04\/AdobeStock_150624098-1920x1280.jpeg\" alt=\"\" class=\"wp-image-11 size-full\" srcset=\"https:\/\/telico.ca\/fr\/wp-content\/uploads\/2023\/04\/AdobeStock_150624098-1920x1280.jpeg 1920w, https:\/\/telico.ca\/fr\/wp-content\/uploads\/2023\/04\/AdobeStock_150624098-1200x800.jpeg 1200w, https:\/\/telico.ca\/fr\/wp-content\/uploads\/2023\/04\/AdobeStock_150624098-768x512.jpeg 768w, https:\/\/telico.ca\/fr\/wp-content\/uploads\/2023\/04\/AdobeStock_150624098-1536x1024.jpeg 1536w, https:\/\/telico.ca\/fr\/wp-content\/uploads\/2023\/04\/AdobeStock_150624098.jpeg 2000w\" sizes=\"(max-width: 1920px) 100vw, 1920px\" \/><\/figure><div class=\"wp-block-media-text__content\">\n<h2 class=\"wp-block-heading\">Opportunit\u00e9s de Partenariat<\/h2>\n\n\n\n<p>Si vous \u00eates un collaborateur ouvert d&#8217;esprit capable d&#8217;int\u00e9grer nos solutions de mani\u00e8re transparente tout en incarnant nos valeurs fondamentales, nous souhaitons vous entendre. Nous offrons les meilleures solutions de communication bas\u00e9es sur le cloud, mais nous savons que nous ne sommes aussi performants que notre \u00e9quipe.<\/p>\n\n\n\n<p>Tous nos partenaires b\u00e9n\u00e9ficient d&#8217;une formation approfondie, d&#8217;un soutien continu et des ressources n\u00e9cessaires pour prosp\u00e9rer. Nous sommes une entreprise en constante croissance, et notre recherche permanente d&#8217;innovation et d&#8217;excellence stimule la croissance des entreprises de nos partenaires, favorisant ainsi une relation mutuellement b\u00e9n\u00e9fique.<\/p>\n<\/div><\/div>\n<\/div>\n\n\n\n<div class=\"wp-block-group is-style-page-section is-style-about-values-section has-gray-color has-dark-gray-background-color has-text-color has-background is-layout-flow\">\n<div class=\"wp-block-group is-style-fact-wrapper is-nowrap is-layout-flex wp-container-11\">\n<div class=\"wp-block-group has-foreground-background-color has-background is-layout-flow\">\n<h2 class=\"wp-block-heading has-background-color has-text-color\">Le partenariat est plut\u00f4t cool<\/h2>\n<\/div>\n\n\n\n<div class=\"wp-block-group is-style-fact-list has-foreground-background-color has-background is-layout-flow\">\n<div class=\"wp-block-group is-nowrap is-layout-flex wp-container-5\">\n<figure class=\"wp-block-image size-full\"><img decoding=\"async\" loading=\"lazy\" width=\"100\" height=\"100\" src=\"https:\/\/telico.ca\/fr\/wp-content\/uploads\/2023\/04\/Telico-Embody-Excellence.png\" alt=\"\" class=\"wp-image-297\"\/><\/figure>\n\n\n\n<div class=\"wp-block-group is-layout-flow\">\n<h3 class=\"wp-block-heading has-background-color has-text-color\">Vous avez acc\u00e8s \u00e0 des technologies \u00e9mergentes.<\/h3>\n\n\n\n<p>En tant que partenaire v\u00e9rifi\u00e9 de Telico, vous aurez un acc\u00e8s VIP aux technologies et solutions \u00e9mergentes, ce qui vous conf\u00e9rera un avantage concurrentiel sur le march\u00e9.<\/p>\n<\/div>\n<\/div>\n\n\n\n<div class=\"wp-block-group is-nowrap is-layout-flex wp-container-7\">\n<figure class=\"wp-block-image size-full\"><img decoding=\"async\" loading=\"lazy\" width=\"100\" height=\"100\" src=\"https:\/\/telico.ca\/fr\/wp-content\/uploads\/2023\/04\/Telico-Adopt-Early.png\" alt=\"\" class=\"wp-image-295\"\/><\/figure>\n\n\n\n<div class=\"wp-block-group is-layout-flow\">\n<h3 class=\"wp-block-heading has-background-color has-text-color\">Vous b\u00e9n\u00e9ficiez d&#8217;opportunit\u00e9s de co-marketing.<\/h3>\n\n\n\n<p>Nous avons cr\u00e9\u00e9 un cadre pour des partenariats mutuellement b\u00e9n\u00e9fiques avec des opportunit\u00e9s de marketing \u00e9volutives. Faire conna\u00eetre la marque et g\u00e9n\u00e9rer des prospects est essentiel \u00e0 notre strat\u00e9gie de croissance, c&#8217;est pourquoi notre initiative de marketing conjoint est disponible pour tous nos partenaires afin qu&#8217;ils en tirent parti. Alors vous d\u00e9cidez de ce dont vous \u00eates pr\u00eat(e) et nous vous soutenons.<\/p>\n<\/div>\n<\/div>\n\n\n\n<div class=\"wp-block-group is-nowrap is-layout-flex wp-container-9\">\n<figure class=\"wp-block-image size-full\"><img decoding=\"async\" loading=\"lazy\" width=\"100\" height=\"100\" src=\"https:\/\/telico.ca\/fr\/wp-content\/uploads\/2023\/04\/Telico-Connect-Reliably.png\" alt=\"\" class=\"wp-image-296\"\/><\/figure>\n\n\n\n<div class=\"wp-block-group is-layout-flow\">\n<h3 class=\"wp-block-heading has-background-color has-text-color\">Vous avez acc\u00e8s \u00e0 un portail d\u00e9di\u00e9 aux partenaires.<\/h3>\n\n\n\n<p>Offrir des solutions VoIP de nouvelle g\u00e9n\u00e9ration pour les entreprises est en constante \u00e9volution. Il y a toujours quelque chose de nouveau, et nous nous engageons \u00e0 offrir et \u00e0 soutenir les versions les plus avanc\u00e9es et innovantes de toutes les technologies avec lesquelles nous travaillons. C&#8217;est pourquoi vous avez acc\u00e8s \u00e0 un portail partenaire constamment mis \u00e0 jour avec toutes les ressources, les outils et le soutien dont vous avez besoin.<\/p>\n<\/div>\n<\/div>\n<\/div>\n<\/div>\n\n\n\n<div class=\"wp-block-group is-layout-flow\">\n<h2 class=\"wp-block-heading has-text-align-left has-background-color has-text-color\">Telico est un partenaire de croissance sur lequel vous  <em>pouvez compter<\/em> . Ensemble, nous allons plus loin. <\/h2>\n<\/div>\n<\/div>\n\n\n\n<div id=\"team\" class=\"wp-block-group is-style-page-section is-style-about-team-section has-background-color has-darker-gray-background-color has-text-color has-background is-layout-flow\">\n<h2 class=\"wp-block-heading\">Devenez  <em>partenaire<\/em>  d\u00e8s aujourd&#8217;hui<\/h2>\n\n\n<div class=\"frm_forms \" id=\"frm_form_1_container\" data-token=\"5f70f232a2396b720f5510e97494957b\">\n<form enctype=\"multipart\/form-data\" method=\"post\" class=\"frm-show-form  frm_js_validate  frm_ajax_submit  frm_pro_form \" id=\"form_contact-form\"  data-token=\"5f70f232a2396b720f5510e97494957b\">\n<div class=\"frm_form_fields \">\n<fieldset>\n<legend class=\"frm_screen_reader\">Contactez-nous<\/legend>\r\n\r\n<div class=\"frm_fields_container\">\n<input type=\"hidden\" name=\"frm_action\" value=\"create\" \/>\n<input type=\"hidden\" name=\"form_id\" value=\"1\" \/>\n<input type=\"hidden\" name=\"frm_hide_fields_1\" id=\"frm_hide_fields_1\" value=\"\" \/>\n<input type=\"hidden\" name=\"form_key\" value=\"contact-form\" \/>\n<input type=\"hidden\" name=\"item_meta[0]\" value=\"\" \/>\n<input type=\"hidden\" id=\"frm_submit_entry_1\" name=\"frm_submit_entry_1\" value=\"f6baff2cdf\" \/><input type=\"hidden\" name=\"_wp_http_referer\" value=\"\/fr\/wp-json\/wp\/v2\/pages\/325\" \/><div id=\"frm_field_1_container\" class=\"frm_form_field form-field  frm_required_field frm_top_container frm_full\">\r\n    <label for=\"field_qh4icy\" id=\"field_qh4icy_label\" class=\"frm_primary_label\">Salut, comment tu t&#8217;appelles?\r\n        <span class=\"frm_required\" aria-hidden=\"true\">*<\/span>\r\n    <\/label>\r\n    <input type=\"text\" id=\"field_qh4icy\" name=\"item_meta[1]\" value=\"\"  placeholder=\"Entrez votre nom complet\" data-reqmsg=\"Ce champ ne peut pas \u00eatre vide.\" aria-required=\"true\" data-invmsg=\"Name is invalid\" aria-invalid=\"false\"  \/>\r\n    \r\n    \r\n<\/div>\n<div id=\"frm_field_2_container\" class=\"frm_form_field form-field  frm_required_field frm_top_container frm_full\">\r\n    <label for=\"field_ocfup1\" id=\"field_ocfup1_label\" class=\"frm_primary_label\">Ton courriel?\r\n        <span class=\"frm_required\" aria-hidden=\"true\">*<\/span>\r\n    <\/label>\r\n    <input type=\"email\" id=\"field_ocfup1\" name=\"item_meta[2]\" value=\"\"  placeholder=\"Entrez votre adresse courriel\" data-reqmsg=\"This field cannot be blank.\" aria-required=\"true\" data-invmsg=\"Last is invalid\" aria-invalid=\"false\"  \/>\r\n    \r\n    \r\n<\/div>\n<div id=\"frm_field_3_container\" class=\"frm_form_field form-field  frm_required_field frm_top_container frm_full\">\r\n    <label for=\"field_29yf4d\" id=\"field_29yf4d_label\" class=\"frm_primary_label\">Votre num\u00e9ro de t\u00e9l\u00e9phone?\r\n        <span class=\"frm_required\" aria-hidden=\"true\">*<\/span>\r\n    <\/label>\r\n    <input type=\"tel\" id=\"field_29yf4d\" name=\"item_meta[3]\" value=\"\"  placeholder=\"Veuillez entrer votre num\u00e9ro de t\u00e9l\u00e9phone.\" data-reqmsg=\"Ce champ ne peut pas \u00eatre vide.\" aria-required=\"true\" data-invmsg=\"Veuillez entrer une adresse email valide.\" aria-invalid=\"false\" pattern=\"((\\+\\d{1,3}(-|.| )?\\(?\\d\\)?(-| |.)?\\d{1,5})|(\\(?\\d{2,6}\\)?))(-|.| )?(\\d{3,4})(-|.| )?(\\d{4})(( x| ext)\\d{1,5}){0,1}$\"  \/>\r\n    \r\n    \r\n<\/div>\n<div id=\"frm_field_6_container\" class=\"frm_form_field form-field  frm_required_field frm_top_container\">\r\n    <label for=\"field_ueup5\" id=\"field_ueup5_label\" class=\"frm_primary_label\">Meilleur moment pour vous appeler?\r\n        <span class=\"frm_required\" aria-hidden=\"true\">*<\/span>\r\n    <\/label>\r\n    \t\t<select name=\"item_meta[6]\" id=\"field_ueup5\"  data-reqmsg=\"Ce champ ne peut pas \u00eatre vide.\" aria-required=\"true\" data-invmsg=\"Meilleur moment pour vous appeler? is invalid\" aria-invalid=\"false\"  >\n\t\t\t\t<option  value=\"\" selected=\"selected\">\n\t\t\tVeuillez en choisir un\t\t<\/option>\n\t\t\t\t<option  value=\"Matin\">\n\t\t\tMatin\t\t<\/option>\n\t\t\t\t<option  value=\"Apr\u00e8s-midi\">\n\t\t\tApr\u00e8s-midi\t\t<\/option>\n\t\t\t\t<option  value=\"Soir\">\n\t\t\tSoir\t\t<\/option>\n\t\t\t<\/select>\n\t\r\n    \r\n    \r\n<\/div>\n<div id=\"frm_field_8_container\" class=\"frm_form_field form-field  frm_required_field frm_top_container\">\r\n    <label for=\"field_995tj\" id=\"field_995tj_label\" class=\"frm_primary_label\">Qu&#8217;est-ce qui vous int\u00e9resse?\r\n        <span class=\"frm_required\" aria-hidden=\"true\">*<\/span>\r\n    <\/label>\r\n    \t\t<select name=\"item_meta[8]\" id=\"field_995tj\"  data-reqmsg=\"Ce champ ne peut pas \u00eatre vide.\" aria-required=\"true\" data-invmsg=\"Qu&#039;est-ce qui vous int\u00e9resse? is invalid\" aria-invalid=\"false\"  >\n\t\t\t\t<option  value=\"\" selected=\"selected\">\n\t\t\tVeuillez en choisir un\t\t<\/option>\n\t\t\t\t<option  value=\"Syst\u00e8me T\u00e9l\u00e9phonique Cloud\">\n\t\t\tSyst\u00e8me T\u00e9l\u00e9phonique Cloud\t\t<\/option>\n\t\t\t\t<option  value=\"\u00c9quipement\">\n\t\t\t\u00c9quipement\t\t<\/option>\n\t\t\t\t<option  value=\"Partenaires\">\n\t\t\tPartenaires\t\t<\/option>\n\t\t\t\t<option  value=\"Support\">\n\t\t\tSupport\t\t<\/option>\n\t\t\t\t<option  value=\"Aucun des choix ci-dessus\">\n\t\t\tAucun des choix ci-dessus\t\t<\/option>\n\t\t\t<\/select>\n\t\r\n    \r\n    \r\n<\/div>\n<div id=\"frm_field_4_container\" class=\"frm_form_field form-field  frm_required_field frm_top_container frm_full\">\r\n    <label for=\"field_e6lis6\" id=\"field_e6lis6_label\" class=\"frm_primary_label\">Nombre de places?\r\n        <span class=\"frm_required\" aria-hidden=\"true\">*<\/span>\r\n    <\/label>\r\n    <input type=\"number\" id=\"field_e6lis6\" name=\"item_meta[4]\" value=\"\"  placeholder=\"Veuillez en choisir un\" data-reqmsg=\"This field cannot be blank.\" aria-required=\"true\" data-invmsg=\"Subject is invalid\" aria-invalid=\"false\"   min=\"1\" max=\"10000\" step=\"1\"\/>\r\n    \r\n    \r\n<\/div>\n<div id=\"frm_field_5_container\" class=\"frm_form_field form-field  frm_required_field frm_top_container frm_full\">\r\n    <label for=\"field_9jv0r1\" id=\"field_9jv0r1_label\" class=\"frm_primary_label\">Finalement, quel est votre message?\r\n        <span class=\"frm_required\" aria-hidden=\"true\">*<\/span>\r\n    <\/label>\r\n    <textarea name=\"item_meta[5]\" id=\"field_9jv0r1\" rows=\"5\"  placeholder=\"Veuillez saisir votre message.\" data-reqmsg=\"Ce champ ne peut pas \u00eatre vide.\" aria-required=\"true\" data-invmsg=\"Le message est invalide.\" aria-invalid=\"false\"  ><\/textarea>\r\n    \r\n    \r\n<\/div>\n\t<input type=\"hidden\" name=\"item_key\" value=\"\" \/>\n\t\t\t\t<div class=\"frm_verify\" >\n\t\t\t\t<label for=\"frm_email_1\">\n\t\t\t\t\tIf you are human, leave this field blank.\t\t\t\t<\/label>\n\t\t\t\t<input type=\"email\" class=\"frm_verify\" id=\"frm_email_1\" name=\"frm_verify\" value=\"\"  \/>\n\t\t\t<\/div>\n\t\t<input name=\"frm_state\" type=\"hidden\" value=\"cclgJIGjRRDZL8\/fq5gSg5mAp+slednd+h6JgS7CoKQ=\" \/><div class=\"frm_submit wp-block-buttons\">\r\n  <div class=\"wp-block-button\"><button class=\"wp-block-button__link has-background-background-color has-background\" type=\"submit\"  class=\"frm_final_submit\" formnovalidate=\"formnovalidate\"><span class=\"wp-block-button__link-doodad\"><svg xmlns=\"http:\/\/www.w3.org\/2000\/svg\" viewBox=\"0 0 14 21\" width=\"14\" height=\"21\"><g fill=\"currentColor\"><circle cx=\"10.5\" cy=\"10.5\" r=\"3.5\"><\/circle><circle cx=\"3.5\" cy=\"3.5\" r=\"3.5\"><\/circle><circle cx=\"3.5\" cy=\"17.5\" r=\"3.5\"><\/circle><\/g><\/svg><\/span>Envoyer la demande<\/button><\/div>\r\n<\/div><\/div>\n<\/fieldset>\n<\/div>\n<\/form>\n<\/div>\n<\/div>\n\n\n\n<div class=\"wp-block-cover is-style-page-section is-style-about-quote-section\"><span aria-hidden=\"true\" class=\"wp-block-cover__background has-foreground-background-color has-background-dim-70 has-background-dim\"><\/span><img decoding=\"async\" loading=\"lazy\" width=\"2560\" height=\"1707\" class=\"wp-block-cover__image-background wp-image-20\" alt=\"\" src=\"https:\/\/telico.ca\/fr\/wp-content\/uploads\/2023\/04\/dylan-gillis-KdeqA3aTnBY-unsplash-scaled.jpg\" data-object-fit=\"cover\" srcset=\"https:\/\/telico.ca\/fr\/wp-content\/uploads\/2023\/04\/dylan-gillis-KdeqA3aTnBY-unsplash-scaled.jpg 2560w, https:\/\/telico.ca\/fr\/wp-content\/uploads\/2023\/04\/dylan-gillis-KdeqA3aTnBY-unsplash-1200x800.jpg 1200w, https:\/\/telico.ca\/fr\/wp-content\/uploads\/2023\/04\/dylan-gillis-KdeqA3aTnBY-unsplash-1920x1280.jpg 1920w, https:\/\/telico.ca\/fr\/wp-content\/uploads\/2023\/04\/dylan-gillis-KdeqA3aTnBY-unsplash-768x512.jpg 768w, https:\/\/telico.ca\/fr\/wp-content\/uploads\/2023\/04\/dylan-gillis-KdeqA3aTnBY-unsplash-1536x1024.jpg 1536w, https:\/\/telico.ca\/fr\/wp-content\/uploads\/2023\/04\/dylan-gillis-KdeqA3aTnBY-unsplash-2048x1365.jpg 2048w\" sizes=\"(max-width: 2560px) 100vw, 2560px\" \/><div class=\"wp-block-cover__inner-container\">\n<p class=\"has-text-align-left is-style-leading-paragraph\" style=\"font-style:normal;font-weight:400\"><br>&#8220;Notre partenariat avec Telico nous a permis d&#8217;\u00e9largir nos services et de mieux servir nos clients, gr\u00e2ce \u00e0 leurs solutions novatrices et \u00e0 leur soutien exceptionnel.&#8221;<\/p>\n<\/div><\/div>\n","protected":false},"excerpt":{"rendered":"<p>N\u00e9 \u00e0 Montr\u00e9al, Qu\u00e9bec Nous travaillons \u00e0 l&#8217;\u00e9chelle du Canada pour fournir les derniers syst\u00e8mes de t\u00e9l\u00e9communication VoIP aux entreprises, et nous avons besoin des bons partenaires pour nous aider. Opportunit\u00e9s de Partenariat Si vous \u00eates un collaborateur ouvert d&#8217;esprit capable d&#8217;int\u00e9grer nos solutions de mani\u00e8re transparente tout en incarnant nos valeurs fondamentales, nous souhaitons [&hellip;]<\/p>\n","protected":false},"author":1,"featured_media":0,"parent":0,"menu_order":80,"comment_status":"closed","ping_status":"closed","template":"","meta":[],"acf":[],"yoast_head":"<!-- This site is optimized with the Yoast SEO plugin v20.8 - https:\/\/yoast.com\/wordpress\/plugins\/seo\/ -->\n<title>Nous sommes Telico | Partenaire avec nous | Configuration du t\u00e9l\u00e9phone d&#039;entreprise VoIP<\/title>\n<meta name=\"description\" content=\"Nous travaillons \u00e0 l&#039;\u00e9chelle du Canada pour fournir les derniers syst\u00e8mes de t\u00e9l\u00e9communication VoIP aux entreprises, et nous avons besoin des bons partenaires pour nous aider.\" \/>\n<meta name=\"robots\" content=\"index, follow, max-snippet:-1, max-image-preview:large, max-video-preview:-1\" \/>\n<link rel=\"canonical\" href=\"https:\/\/telico.ca\/fr\/partenaires\/\" \/>\n<meta property=\"og:locale\" content=\"en_US\" \/>\n<meta property=\"og:type\" content=\"article\" \/>\n<meta property=\"og:title\" content=\"Nous sommes Telico | Partenaire avec nous | Configuration du t\u00e9l\u00e9phone d&#039;entreprise VoIP\" \/>\n<meta property=\"og:description\" content=\"Nous travaillons \u00e0 l&#039;\u00e9chelle du Canada pour fournir les derniers syst\u00e8mes de t\u00e9l\u00e9communication VoIP aux entreprises, et nous avons besoin des bons partenaires pour nous aider.\" \/>\n<meta property=\"og:url\" content=\"https:\/\/telico.ca\/fr\/partenaires\/\" \/>\n<meta property=\"og:site_name\" content=\"Telico\" \/>\n<meta property=\"article:modified_time\" content=\"2023-05-26T23:12:06+00:00\" \/>\n<meta property=\"og:image\" content=\"https:\/\/telico.ca\/fr\/wp-content\/uploads\/2023\/04\/Telico-AboutUs-Hero.jpg\" \/>\n<meta name=\"twitter:card\" content=\"summary_large_image\" \/>\n<meta name=\"twitter:label1\" content=\"Est. reading time\" \/>\n\t<meta name=\"twitter:data1\" content=\"4 minutes\" \/>\n<script type=\"application\/ld+json\" class=\"yoast-schema-graph\">{\"@context\":\"https:\/\/schema.org\",\"@graph\":[{\"@type\":\"WebPage\",\"@id\":\"https:\/\/telico.ca\/fr\/partenaires\/\",\"url\":\"https:\/\/telico.ca\/fr\/partenaires\/\",\"name\":\"Nous sommes Telico | Partenaire avec nous | Configuration du t\u00e9l\u00e9phone d'entreprise VoIP\",\"isPartOf\":{\"@id\":\"https:\/\/telico.ca\/fr\/#website\"},\"datePublished\":\"2023-04-25T21:16:05+00:00\",\"dateModified\":\"2023-05-26T23:12:06+00:00\",\"description\":\"Nous travaillons \u00e0 l'\u00e9chelle du Canada pour fournir les derniers syst\u00e8mes de t\u00e9l\u00e9communication VoIP aux entreprises, et nous avons besoin des bons partenaires pour nous aider.\",\"breadcrumb\":{\"@id\":\"https:\/\/telico.ca\/fr\/partenaires\/#breadcrumb\"},\"inLanguage\":\"en-US\",\"potentialAction\":[{\"@type\":\"ReadAction\",\"target\":[\"https:\/\/telico.ca\/fr\/partenaires\/\"]}]},{\"@type\":\"BreadcrumbList\",\"@id\":\"https:\/\/telico.ca\/fr\/partenaires\/#breadcrumb\",\"itemListElement\":[{\"@type\":\"ListItem\",\"position\":1,\"name\":\"Page d'accueil\",\"item\":\"https:\/\/telico.ca\/fr\/\"},{\"@type\":\"ListItem\",\"position\":2,\"name\":\"Partenaires\"}]},{\"@type\":\"WebSite\",\"@id\":\"https:\/\/telico.ca\/fr\/#website\",\"url\":\"https:\/\/telico.ca\/fr\/\",\"name\":\"Telico\",\"description\":\"\",\"publisher\":{\"@id\":\"https:\/\/telico.ca\/fr\/#organization\"},\"potentialAction\":[{\"@type\":\"SearchAction\",\"target\":{\"@type\":\"EntryPoint\",\"urlTemplate\":\"https:\/\/telico.ca\/fr\/?s={search_term_string}\"},\"query-input\":\"required name=search_term_string\"}],\"inLanguage\":\"en-US\"},{\"@type\":\"Organization\",\"@id\":\"https:\/\/telico.ca\/fr\/#organization\",\"name\":\"Telico\",\"url\":\"https:\/\/telico.ca\/fr\/\",\"logo\":{\"@type\":\"ImageObject\",\"inLanguage\":\"en-US\",\"@id\":\"https:\/\/telico.ca\/fr\/#\/schema\/logo\/image\/\",\"url\":\"https:\/\/telico.ca\/fr\/wp-content\/uploads\/2023\/04\/lg.png\",\"contentUrl\":\"https:\/\/telico.ca\/fr\/wp-content\/uploads\/2023\/04\/lg.png\",\"width\":252,\"height\":58,\"caption\":\"Telico\"},\"image\":{\"@id\":\"https:\/\/telico.ca\/fr\/#\/schema\/logo\/image\/\"}}]}<\/script>\n<!-- \/ Yoast SEO plugin. -->","yoast_head_json":{"title":"Nous sommes Telico | Partenaire avec nous | Configuration du t\u00e9l\u00e9phone d'entreprise VoIP","description":"Nous travaillons \u00e0 l'\u00e9chelle du Canada pour fournir les derniers syst\u00e8mes de t\u00e9l\u00e9communication VoIP aux entreprises, et nous avons besoin des bons partenaires pour nous aider.","robots":{"index":"index","follow":"follow","max-snippet":"max-snippet:-1","max-image-preview":"max-image-preview:large","max-video-preview":"max-video-preview:-1"},"canonical":"https:\/\/telico.ca\/fr\/partenaires\/","og_locale":"en_US","og_type":"article","og_title":"Nous sommes Telico | Partenaire avec nous | Configuration du t\u00e9l\u00e9phone d'entreprise VoIP","og_description":"Nous travaillons \u00e0 l'\u00e9chelle du Canada pour fournir les derniers syst\u00e8mes de t\u00e9l\u00e9communication VoIP aux entreprises, et nous avons besoin des bons partenaires pour nous aider.","og_url":"https:\/\/telico.ca\/fr\/partenaires\/","og_site_name":"Telico","article_modified_time":"2023-05-26T23:12:06+00:00","og_image":[{"url":"https:\/\/telico.ca\/fr\/wp-content\/uploads\/2023\/04\/Telico-AboutUs-Hero.jpg"}],"twitter_card":"summary_large_image","twitter_misc":{"Est. reading time":"4 minutes"},"schema":{"@context":"https:\/\/schema.org","@graph":[{"@type":"WebPage","@id":"https:\/\/telico.ca\/fr\/partenaires\/","url":"https:\/\/telico.ca\/fr\/partenaires\/","name":"Nous sommes Telico | Partenaire avec nous | Configuration du t\u00e9l\u00e9phone d'entreprise VoIP","isPartOf":{"@id":"https:\/\/telico.ca\/fr\/#website"},"datePublished":"2023-04-25T21:16:05+00:00","dateModified":"2023-05-26T23:12:06+00:00","description":"Nous travaillons \u00e0 l'\u00e9chelle du Canada pour fournir les derniers syst\u00e8mes de t\u00e9l\u00e9communication VoIP aux entreprises, et nous avons besoin des bons partenaires pour nous aider.","breadcrumb":{"@id":"https:\/\/telico.ca\/fr\/partenaires\/#breadcrumb"},"inLanguage":"en-US","potentialAction":[{"@type":"ReadAction","target":["https:\/\/telico.ca\/fr\/partenaires\/"]}]},{"@type":"BreadcrumbList","@id":"https:\/\/telico.ca\/fr\/partenaires\/#breadcrumb","itemListElement":[{"@type":"ListItem","position":1,"name":"Page d'accueil","item":"https:\/\/telico.ca\/fr\/"},{"@type":"ListItem","position":2,"name":"Partenaires"}]},{"@type":"WebSite","@id":"https:\/\/telico.ca\/fr\/#website","url":"https:\/\/telico.ca\/fr\/","name":"Telico","description":"","publisher":{"@id":"https:\/\/telico.ca\/fr\/#organization"},"potentialAction":[{"@type":"SearchAction","target":{"@type":"EntryPoint","urlTemplate":"https:\/\/telico.ca\/fr\/?s={search_term_string}"},"query-input":"required name=search_term_string"}],"inLanguage":"en-US"},{"@type":"Organization","@id":"https:\/\/telico.ca\/fr\/#organization","name":"Telico","url":"https:\/\/telico.ca\/fr\/","logo":{"@type":"ImageObject","inLanguage":"en-US","@id":"https:\/\/telico.ca\/fr\/#\/schema\/logo\/image\/","url":"https:\/\/telico.ca\/fr\/wp-content\/uploads\/2023\/04\/lg.png","contentUrl":"https:\/\/telico.ca\/fr\/wp-content\/uploads\/2023\/04\/lg.png","width":252,"height":58,"caption":"Telico"},"image":{"@id":"https:\/\/telico.ca\/fr\/#\/schema\/logo\/image\/"}}]}},"_links":{"self":[{"href":"https:\/\/telico.ca\/fr\/wp-json\/wp\/v2\/pages\/325"}],"collection":[{"href":"https:\/\/telico.ca\/fr\/wp-json\/wp\/v2\/pages"}],"about":[{"href":"https:\/\/telico.ca\/fr\/wp-json\/wp\/v2\/types\/page"}],"author":[{"embeddable":true,"href":"https:\/\/telico.ca\/fr\/wp-json\/wp\/v2\/users\/1"}],"replies":[{"embeddable":true,"href":"https:\/\/telico.ca\/fr\/wp-json\/wp\/v2\/comments?post=325"}],"version-history":[{"count":13,"href":"https:\/\/telico.ca\/fr\/wp-json\/wp\/v2\/pages\/325\/revisions"}],"predecessor-version":[{"id":556,"href":"https:\/\/telico.ca\/fr\/wp-json\/wp\/v2\/pages\/325\/revisions\/556"}],"wp:attachment":[{"href":"https:\/\/telico.ca\/fr\/wp-json\/wp\/v2\/media?parent=325"}],"curies":[{"name":"wp","href":"https:\/\/api.w.org\/{rel}","templated":true}]}}