{"id":321,"date":"2023-04-25T14:14:10","date_gmt":"2023-04-25T21:14:10","guid":{"rendered":"https:\/\/telico.ca\/fr\/?page_id=321"},"modified":"2023-06-15T10:52:12","modified_gmt":"2023-06-15T17:52:12","slug":"solutions","status":"publish","type":"page","link":"https:\/\/telico.ca\/fr\/solutions\/","title":{"rendered":"Nos Solutions"},"content":{"rendered":"\n<div class=\"wp-block-cover is-style-hero is-style-hero-dark-gray-sibling\"><span aria-hidden=\"true\" class=\"wp-block-cover__background has-foreground-background-color has-background-dim-80 has-background-dim\"><\/span><img decoding=\"async\" loading=\"lazy\" width=\"2000\" height=\"1125\" class=\"wp-block-cover__image-background wp-image-130\" alt=\"\" src=\"https:\/\/telico.ca\/fr\/wp-content\/uploads\/2023\/04\/AdobeStock_275018303.jpeg\" data-object-fit=\"cover\" srcset=\"https:\/\/telico.ca\/fr\/wp-content\/uploads\/2023\/04\/AdobeStock_275018303.jpeg 2000w, https:\/\/telico.ca\/fr\/wp-content\/uploads\/2023\/04\/AdobeStock_275018303-1200x675.jpeg 1200w, https:\/\/telico.ca\/fr\/wp-content\/uploads\/2023\/04\/AdobeStock_275018303-1920x1080.jpeg 1920w, https:\/\/telico.ca\/fr\/wp-content\/uploads\/2023\/04\/AdobeStock_275018303-768x432.jpeg 768w, https:\/\/telico.ca\/fr\/wp-content\/uploads\/2023\/04\/AdobeStock_275018303-1536x864.jpeg 1536w\" sizes=\"(max-width: 2000px) 100vw, 2000px\" \/><div class=\"wp-block-cover__inner-container\">\n<h1 class=\"wp-block-heading has-text-align-center\">Une solution <em>T\u00e9l\u00e9phonique<\/em> d&#8217;entreprise hors du commun<\/h1>\n<\/div><button class=\"hero-scroll\">Scroll<\/button><\/div>\n\n\n\n<div class=\"wp-block-group is-style-page-section is-style-equipment-list has-gray-color has-dark-gray-background-color has-text-color has-background is-layout-flow\">\n<div class=\"wp-block-group is-style-equipment-item-wrapper has-foreground-background-color has-background is-layout-flow\">\n<h2 class=\"wp-block-heading has-background-color has-text-color\">Cloud Phone System<\/h2>\n\n\n\n<div class=\"wp-block-media-text alignwide has-media-on-the-right is-stacked-on-mobile is-vertically-aligned-top\"><div class=\"wp-block-media-text__content\">\n<p>Dites bonjour \u00e0 l&#8217;avenir de la communication. C&#8217;est la VoIP ! Les syst\u00e8mes t\u00e9l\u00e9phoniques bas\u00e9s sur le cloud sont une solution intelligente pour votre entreprise en pleine croissance, offrant des avantages tels que des appels vocaux d&#8217;une clart\u00e9 cristalline, un routage d&#8217;appels avanc\u00e9, une int\u00e9gration transparente avec votre infrastructure existante et une fiabilit\u00e9 absolue.<\/p>\n\n\n\n<div class=\"wp-block-buttons is-layout-flex\">\n<div class=\"wp-block-button\"><a class=\"wp-block-button__link has-background-background-color has-background wp-element-button\" href=\"https:\/\/telico.ca\/fr\/solutions\/systeme-telephonique-cloud\/\"><span class=\"wp-block-button__link-doodad\"><svg xmlns=\"http:\/\/www.w3.org\/2000\/svg\" viewBox=\"0 0 14 21\" width=\"14\" height=\"21\"><g fill=\"currentColor\"><circle cx=\"10.5\" cy=\"10.5\" r=\"3.5\"\/><circle cx=\"3.5\" cy=\"3.5\" r=\"3.5\"\/><circle cx=\"3.5\" cy=\"17.5\" r=\"3.5\"\/><\/g><\/svg><\/span>D\u00e9couvrez-en davantage<\/a><\/div>\n<\/div>\n<\/div><figure class=\"wp-block-media-text__media\"><img decoding=\"async\" loading=\"lazy\" width=\"840\" height=\"901\" src=\"https:\/\/telico.ca\/fr\/wp-content\/uploads\/2023\/04\/Telico-Cloud-Phone-Systems@2x.png\" alt=\"\" class=\"wp-image-31 size-full\" srcset=\"https:\/\/telico.ca\/fr\/wp-content\/uploads\/2023\/04\/Telico-Cloud-Phone-Systems@2x.png 840w, https:\/\/telico.ca\/fr\/wp-content\/uploads\/2023\/04\/Telico-Cloud-Phone-Systems@2x-768x824.png 768w\" sizes=\"(max-width: 840px) 100vw, 840px\" \/><\/figure><\/div>\n<\/div>\n\n\n\n<div class=\"wp-block-group is-style-equipment-item-wrapper has-foreground-background-color has-background is-layout-flow\">\n<h2 class=\"wp-block-heading has-background-color has-text-color\">Unified Communications<\/h2>\n\n\n\n<div class=\"wp-block-media-text alignwide has-media-on-the-right is-stacked-on-mobile is-vertically-aligned-top\"><div class=\"wp-block-media-text__content\">\n<p>La communication est essentielle, et nous sommes l\u00e0 pour vous aider \u00e0 la rendre facile. Notre plateforme de communications unifi\u00e9es rassemble tous vos canaux de communication &#8211; voix, vid\u00e9o, messagerie et partage de fichiers &#8211; dans une interface pratique. Pr\u00e9parez-vous \u00e0 am\u00e9liorer votre collaboration et votre productivit\u00e9 comme jamais auparavant.<\/p>\n\n\n\n<div class=\"wp-block-buttons is-layout-flex\">\n<div class=\"wp-block-button\"><a class=\"wp-block-button__link has-background-background-color has-background wp-element-button\" href=\"https:\/\/telico.ca\/fr\/contact\/\"><span class=\"wp-block-button__link-doodad\"><svg xmlns=\"http:\/\/www.w3.org\/2000\/svg\" viewBox=\"0 0 14 21\" width=\"14\" height=\"21\"><g fill=\"currentColor\"><circle cx=\"10.5\" cy=\"10.5\" r=\"3.5\"\/><circle cx=\"3.5\" cy=\"3.5\" r=\"3.5\"\/><circle cx=\"3.5\" cy=\"17.5\" r=\"3.5\"\/><\/g><\/svg><\/span>Contactez-nous<\/a><\/div>\n<\/div>\n<\/div><figure class=\"wp-block-media-text__media\"><img decoding=\"async\" loading=\"lazy\" width=\"1100\" height=\"1050\" src=\"https:\/\/telico.ca\/fr\/wp-content\/uploads\/2023\/06\/Telico-Systems-UnifiedCommunications.png\" alt=\"\" class=\"wp-image-585 size-full\" srcset=\"https:\/\/telico.ca\/fr\/wp-content\/uploads\/2023\/06\/Telico-Systems-UnifiedCommunications.png 1100w, https:\/\/telico.ca\/fr\/wp-content\/uploads\/2023\/06\/Telico-Systems-UnifiedCommunications-768x733.png 768w\" sizes=\"(max-width: 1100px) 100vw, 1100px\" \/><\/figure><\/div>\n<\/div>\n\n\n\n<div class=\"wp-block-group is-style-equipment-item-wrapper has-foreground-background-color has-background is-layout-flow\">\n<h2 class=\"wp-block-heading has-background-color has-text-color\"> Mixed Reality<\/h2>\n\n\n\n<div class=\"wp-block-media-text alignwide has-media-on-the-right is-stacked-on-mobile is-vertically-aligned-top\"><div class=\"wp-block-media-text__content\">\n<p>Il est temps de tirer parti du pouvoir des solutions de r\u00e9alit\u00e9 virtuelle pour les entreprises. Que ce soit pour la formation, les simulations ou les d\u00e9monstrations de produits, nos exp\u00e9riences de RV captiveront votre public et rehausseront votre offre avec une nouvelle dimension d&#8217;immersion. Sans parler de l&#8217;am\u00e9lioration de la r\u00e9tention &#8211; voir, c&#8217;est croire.<\/p>\n\n\n\n<div class=\"wp-block-buttons is-layout-flex\">\n<div class=\"wp-block-button\"><a class=\"wp-block-button__link has-background-background-color has-background wp-element-button\" href=\"https:\/\/telico.ca\/fr\/contact\/\"><span class=\"wp-block-button__link-doodad\"><svg xmlns=\"http:\/\/www.w3.org\/2000\/svg\" viewBox=\"0 0 14 21\" width=\"14\" height=\"21\"><g fill=\"currentColor\"><circle cx=\"10.5\" cy=\"10.5\" r=\"3.5\"\/><circle cx=\"3.5\" cy=\"3.5\" r=\"3.5\"\/><circle cx=\"3.5\" cy=\"17.5\" r=\"3.5\"\/><\/g><\/svg><\/span>Contactez-nous<\/a><\/div>\n<\/div>\n<\/div><figure class=\"wp-block-media-text__media\"><img decoding=\"async\" loading=\"lazy\" width=\"1920\" height=\"1833\" src=\"https:\/\/telico.ca\/fr\/wp-content\/uploads\/2023\/06\/Telico-Solutions-Mixed-Reality@2x-1-2048x1955-1-1920x1833.png\" alt=\"\" class=\"wp-image-592 size-full\" srcset=\"https:\/\/telico.ca\/fr\/wp-content\/uploads\/2023\/06\/Telico-Solutions-Mixed-Reality@2x-1-2048x1955-1-1920x1833.png 1920w, https:\/\/telico.ca\/fr\/wp-content\/uploads\/2023\/06\/Telico-Solutions-Mixed-Reality@2x-1-2048x1955-1-1200x1146.png 1200w, https:\/\/telico.ca\/fr\/wp-content\/uploads\/2023\/06\/Telico-Solutions-Mixed-Reality@2x-1-2048x1955-1-768x733.png 768w, https:\/\/telico.ca\/fr\/wp-content\/uploads\/2023\/06\/Telico-Solutions-Mixed-Reality@2x-1-2048x1955-1-1536x1466.png 1536w, https:\/\/telico.ca\/fr\/wp-content\/uploads\/2023\/06\/Telico-Solutions-Mixed-Reality@2x-1-2048x1955-1.png 2048w\" sizes=\"(max-width: 1920px) 100vw, 1920px\" \/><\/figure><\/div>\n<\/div>\n\n\n\n<div class=\"wp-block-group is-style-equipment-item-wrapper has-foreground-background-color has-background is-layout-flow\">\n<h2 class=\"wp-block-heading has-background-color has-text-color\">Conversational AI<\/h2>\n\n\n\n<div class=\"wp-block-media-text alignwide has-media-on-the-right is-stacked-on-mobile is-vertically-aligned-top\"><div class=\"wp-block-media-text__content\">\n<p>Bousculez votre industrie en embrassant le pouvoir de l&#8217;intelligence artificielle et en prenant une longueur d&#8217;avance. Nos services d&#8217;intelligence artificielle sont l\u00e0 pour vous aider \u00e0 automatiser les processus, extraire des informations pr\u00e9cieuses des donn\u00e9es et am\u00e9liorer les interactions avec les clients. Avec l&#8217;IA, vous optimiserez l&#8217;efficacit\u00e9, r\u00e9duirez les co\u00fbts et d\u00e9passerez vos concurrents. Elle est l\u00e0, et il est temps pour vous de la ma\u00eetriser.<\/p>\n\n\n\n<div class=\"wp-block-buttons is-layout-flex\">\n<div class=\"wp-block-button\"><a class=\"wp-block-button__link has-background-background-color has-background wp-element-button\" href=\"https:\/\/telico.ca\/fr\/contact\/\"><span class=\"wp-block-button__link-doodad\"><svg xmlns=\"http:\/\/www.w3.org\/2000\/svg\" viewBox=\"0 0 14 21\" width=\"14\" height=\"21\"><g fill=\"currentColor\"><circle cx=\"10.5\" cy=\"10.5\" r=\"3.5\"\/><circle cx=\"3.5\" cy=\"3.5\" r=\"3.5\"\/><circle cx=\"3.5\" cy=\"17.5\" r=\"3.5\"\/><\/g><\/svg><\/span>Contactez-nous<\/a><\/div>\n<\/div>\n<\/div><figure class=\"wp-block-media-text__media\"><img decoding=\"async\" loading=\"lazy\" width=\"1920\" height=\"1833\" src=\"https:\/\/telico.ca\/fr\/wp-content\/uploads\/2023\/06\/Telico-Solutions-Conversational-AI@2x-2048x1955-1-1920x1833.png\" alt=\"\" class=\"wp-image-594 size-full\" srcset=\"https:\/\/telico.ca\/fr\/wp-content\/uploads\/2023\/06\/Telico-Solutions-Conversational-AI@2x-2048x1955-1-1920x1833.png 1920w, https:\/\/telico.ca\/fr\/wp-content\/uploads\/2023\/06\/Telico-Solutions-Conversational-AI@2x-2048x1955-1-1200x1146.png 1200w, https:\/\/telico.ca\/fr\/wp-content\/uploads\/2023\/06\/Telico-Solutions-Conversational-AI@2x-2048x1955-1-768x733.png 768w, https:\/\/telico.ca\/fr\/wp-content\/uploads\/2023\/06\/Telico-Solutions-Conversational-AI@2x-2048x1955-1-1536x1466.png 1536w, https:\/\/telico.ca\/fr\/wp-content\/uploads\/2023\/06\/Telico-Solutions-Conversational-AI@2x-2048x1955-1.png 2048w\" sizes=\"(max-width: 1920px) 100vw, 1920px\" \/><\/figure><\/div>\n<\/div>\n<\/div>\n\n\n\n<div class=\"wp-block-cover is-style-page-section is-style-equipment-contact\"><span aria-hidden=\"true\" class=\"wp-block-cover__background has-foreground-background-color has-background-dim-70 has-background-dim\"><\/span><img decoding=\"async\" loading=\"lazy\" width=\"2560\" height=\"1707\" class=\"wp-block-cover__image-background wp-image-20\" alt=\"\" src=\"https:\/\/telico.ca\/fr\/wp-content\/uploads\/2023\/04\/dylan-gillis-KdeqA3aTnBY-unsplash-scaled.jpg\" data-object-fit=\"cover\" srcset=\"https:\/\/telico.ca\/fr\/wp-content\/uploads\/2023\/04\/dylan-gillis-KdeqA3aTnBY-unsplash-scaled.jpg 2560w, https:\/\/telico.ca\/fr\/wp-content\/uploads\/2023\/04\/dylan-gillis-KdeqA3aTnBY-unsplash-1200x800.jpg 1200w, https:\/\/telico.ca\/fr\/wp-content\/uploads\/2023\/04\/dylan-gillis-KdeqA3aTnBY-unsplash-1920x1280.jpg 1920w, https:\/\/telico.ca\/fr\/wp-content\/uploads\/2023\/04\/dylan-gillis-KdeqA3aTnBY-unsplash-768x512.jpg 768w, https:\/\/telico.ca\/fr\/wp-content\/uploads\/2023\/04\/dylan-gillis-KdeqA3aTnBY-unsplash-1536x1024.jpg 1536w, https:\/\/telico.ca\/fr\/wp-content\/uploads\/2023\/04\/dylan-gillis-KdeqA3aTnBY-unsplash-2048x1365.jpg 2048w\" sizes=\"(max-width: 2560px) 100vw, 2560px\" \/><div class=\"wp-block-cover__inner-container\">\n<h2 class=\"wp-block-heading has-text-align-left\">Vous souhaitez d\u00e9velopper vos <em>communications?<\/em> Contactez-nous d\u00e8s aujourd&#8217;hui<\/h2>\n\n\n\n<div class=\"wp-block-columns is-style-homepage-communication-bottom is-layout-flex wp-container-13\">\n<div class=\"wp-block-column is-layout-flow\" style=\"flex-basis:50%\">\n<p>Nous sommes l\u00e0 pour vous soutenir \u00e0 chaque \u00e9tape du chemin. N&#8217;h\u00e9sitez pas \u00e0 nous contacter d\u00e8s aujourd&#8217;hui et notre \u00e9quipe vous r\u00e9pondra dans un d\u00e9lai d&#8217;un jour ouvrable.<\/p>\n<\/div>\n\n\n\n<div class=\"wp-block-column is-layout-flow\" style=\"flex-basis:50%\">\n<div class=\"wp-block-buttons is-content-justification-right is-layout-flex wp-container-11\">\n<div class=\"wp-block-button\"><a class=\"wp-block-button__link has-background-background-color has-background wp-element-button\" href=\"https:\/\/telico.ca\/fr\/contact\/\"><span class=\"wp-block-button__link-doodad\"><svg xmlns=\"http:\/\/www.w3.org\/2000\/svg\" viewBox=\"0 0 14 21\" width=\"14\" height=\"21\"><g fill=\"currentColor\"><circle cx=\"10.5\" cy=\"10.5\" r=\"3.5\"\/><circle cx=\"3.5\" cy=\"3.5\" r=\"3.5\"\/><circle cx=\"3.5\" cy=\"17.5\" r=\"3.5\"\/><\/g><\/svg><\/span>Contactez-nous<\/a><\/div>\n<\/div>\n<\/div>\n<\/div>\n<\/div><\/div>\n","protected":false},"excerpt":{"rendered":"<p>Cloud Phone System Dites bonjour \u00e0 l&#8217;avenir de la communication. C&#8217;est la VoIP ! Les syst\u00e8mes t\u00e9l\u00e9phoniques bas\u00e9s sur le cloud sont une solution intelligente pour votre entreprise en pleine croissance, offrant des avantages tels que des appels vocaux d&#8217;une clart\u00e9 cristalline, un routage d&#8217;appels avanc\u00e9, une int\u00e9gration transparente avec votre infrastructure existante et une [&hellip;]<\/p>\n","protected":false},"author":1,"featured_media":0,"parent":0,"menu_order":10,"comment_status":"closed","ping_status":"closed","template":"","meta":[],"acf":[],"yoast_head":"<!-- This site is optimized with the Yoast SEO plugin v20.8 - https:\/\/yoast.com\/wordpress\/plugins\/seo\/ -->\n<title>Nous sommes Telico | Solutions t\u00e9l\u00e9phoniques pour les entreprises de demain, d\u00e8s aujourd&#039;hui.<\/title>\n<meta name=\"description\" content=\"Dites bonjour \u00e0 l&#039;avenir de la communication. Vos solutions t\u00e9l\u00e9phoniques pour l&#039;entreprise ont besoin d&#039;une mise \u00e0 niveau, et nous sommes l\u00e0 pour vous. RV | IA | VoIP | Communications unifi\u00e9es | Cloud\" \/>\n<meta name=\"robots\" content=\"index, follow, max-snippet:-1, max-image-preview:large, max-video-preview:-1\" \/>\n<link rel=\"canonical\" href=\"https:\/\/telico.ca\/fr\/solutions\/\" \/>\n<meta property=\"og:locale\" content=\"en_US\" \/>\n<meta property=\"og:type\" content=\"article\" \/>\n<meta property=\"og:title\" content=\"Nous sommes Telico | Solutions t\u00e9l\u00e9phoniques pour les entreprises de demain, d\u00e8s aujourd&#039;hui.\" \/>\n<meta property=\"og:description\" content=\"Dites bonjour \u00e0 l&#039;avenir de la communication. Vos solutions t\u00e9l\u00e9phoniques pour l&#039;entreprise ont besoin d&#039;une mise \u00e0 niveau, et nous sommes l\u00e0 pour vous. RV | IA | VoIP | Communications unifi\u00e9es | Cloud\" \/>\n<meta property=\"og:url\" content=\"https:\/\/telico.ca\/fr\/solutions\/\" \/>\n<meta property=\"og:site_name\" content=\"Telico\" \/>\n<meta property=\"article:modified_time\" content=\"2023-06-15T17:52:12+00:00\" \/>\n<meta property=\"og:image\" content=\"https:\/\/telico.ca\/fr\/wp-content\/uploads\/2023\/04\/AdobeStock_275018303.jpeg\" \/>\n<meta name=\"twitter:card\" content=\"summary_large_image\" \/>\n<meta name=\"twitter:label1\" content=\"Est. reading time\" \/>\n\t<meta name=\"twitter:data1\" content=\"3 minutes\" \/>\n<script type=\"application\/ld+json\" class=\"yoast-schema-graph\">{\"@context\":\"https:\/\/schema.org\",\"@graph\":[{\"@type\":\"WebPage\",\"@id\":\"https:\/\/telico.ca\/fr\/solutions\/\",\"url\":\"https:\/\/telico.ca\/fr\/solutions\/\",\"name\":\"Nous sommes Telico | Solutions t\u00e9l\u00e9phoniques pour les entreprises de demain, d\u00e8s aujourd'hui.\",\"isPartOf\":{\"@id\":\"https:\/\/telico.ca\/fr\/#website\"},\"datePublished\":\"2023-04-25T21:14:10+00:00\",\"dateModified\":\"2023-06-15T17:52:12+00:00\",\"description\":\"Dites bonjour \u00e0 l'avenir de la communication. Vos solutions t\u00e9l\u00e9phoniques pour l'entreprise ont besoin d'une mise \u00e0 niveau, et nous sommes l\u00e0 pour vous. RV | IA | VoIP | Communications unifi\u00e9es | Cloud\",\"breadcrumb\":{\"@id\":\"https:\/\/telico.ca\/fr\/solutions\/#breadcrumb\"},\"inLanguage\":\"en-US\",\"potentialAction\":[{\"@type\":\"ReadAction\",\"target\":[\"https:\/\/telico.ca\/fr\/solutions\/\"]}]},{\"@type\":\"BreadcrumbList\",\"@id\":\"https:\/\/telico.ca\/fr\/solutions\/#breadcrumb\",\"itemListElement\":[{\"@type\":\"ListItem\",\"position\":1,\"name\":\"Page d'accueil\",\"item\":\"https:\/\/telico.ca\/fr\/\"},{\"@type\":\"ListItem\",\"position\":2,\"name\":\"Nos Solutions\"}]},{\"@type\":\"WebSite\",\"@id\":\"https:\/\/telico.ca\/fr\/#website\",\"url\":\"https:\/\/telico.ca\/fr\/\",\"name\":\"Telico\",\"description\":\"\",\"publisher\":{\"@id\":\"https:\/\/telico.ca\/fr\/#organization\"},\"potentialAction\":[{\"@type\":\"SearchAction\",\"target\":{\"@type\":\"EntryPoint\",\"urlTemplate\":\"https:\/\/telico.ca\/fr\/?s={search_term_string}\"},\"query-input\":\"required name=search_term_string\"}],\"inLanguage\":\"en-US\"},{\"@type\":\"Organization\",\"@id\":\"https:\/\/telico.ca\/fr\/#organization\",\"name\":\"Telico\",\"url\":\"https:\/\/telico.ca\/fr\/\",\"logo\":{\"@type\":\"ImageObject\",\"inLanguage\":\"en-US\",\"@id\":\"https:\/\/telico.ca\/fr\/#\/schema\/logo\/image\/\",\"url\":\"https:\/\/telico.ca\/fr\/wp-content\/uploads\/2023\/04\/lg.png\",\"contentUrl\":\"https:\/\/telico.ca\/fr\/wp-content\/uploads\/2023\/04\/lg.png\",\"width\":252,\"height\":58,\"caption\":\"Telico\"},\"image\":{\"@id\":\"https:\/\/telico.ca\/fr\/#\/schema\/logo\/image\/\"}}]}<\/script>\n<!-- \/ Yoast SEO plugin. -->","yoast_head_json":{"title":"Nous sommes Telico | Solutions t\u00e9l\u00e9phoniques pour les entreprises de demain, d\u00e8s aujourd'hui.","description":"Dites bonjour \u00e0 l'avenir de la communication. Vos solutions t\u00e9l\u00e9phoniques pour l'entreprise ont besoin d'une mise \u00e0 niveau, et nous sommes l\u00e0 pour vous. RV | IA | VoIP | Communications unifi\u00e9es | Cloud","robots":{"index":"index","follow":"follow","max-snippet":"max-snippet:-1","max-image-preview":"max-image-preview:large","max-video-preview":"max-video-preview:-1"},"canonical":"https:\/\/telico.ca\/fr\/solutions\/","og_locale":"en_US","og_type":"article","og_title":"Nous sommes Telico | Solutions t\u00e9l\u00e9phoniques pour les entreprises de demain, d\u00e8s aujourd'hui.","og_description":"Dites bonjour \u00e0 l'avenir de la communication. Vos solutions t\u00e9l\u00e9phoniques pour l'entreprise ont besoin d'une mise \u00e0 niveau, et nous sommes l\u00e0 pour vous. RV | IA | VoIP | Communications unifi\u00e9es | Cloud","og_url":"https:\/\/telico.ca\/fr\/solutions\/","og_site_name":"Telico","article_modified_time":"2023-06-15T17:52:12+00:00","og_image":[{"url":"https:\/\/telico.ca\/fr\/wp-content\/uploads\/2023\/04\/AdobeStock_275018303.jpeg"}],"twitter_card":"summary_large_image","twitter_misc":{"Est. reading time":"3 minutes"},"schema":{"@context":"https:\/\/schema.org","@graph":[{"@type":"WebPage","@id":"https:\/\/telico.ca\/fr\/solutions\/","url":"https:\/\/telico.ca\/fr\/solutions\/","name":"Nous sommes Telico | Solutions t\u00e9l\u00e9phoniques pour les entreprises de demain, d\u00e8s aujourd'hui.","isPartOf":{"@id":"https:\/\/telico.ca\/fr\/#website"},"datePublished":"2023-04-25T21:14:10+00:00","dateModified":"2023-06-15T17:52:12+00:00","description":"Dites bonjour \u00e0 l'avenir de la communication. Vos solutions t\u00e9l\u00e9phoniques pour l'entreprise ont besoin d'une mise \u00e0 niveau, et nous sommes l\u00e0 pour vous. RV | IA | VoIP | Communications unifi\u00e9es | Cloud","breadcrumb":{"@id":"https:\/\/telico.ca\/fr\/solutions\/#breadcrumb"},"inLanguage":"en-US","potentialAction":[{"@type":"ReadAction","target":["https:\/\/telico.ca\/fr\/solutions\/"]}]},{"@type":"BreadcrumbList","@id":"https:\/\/telico.ca\/fr\/solutions\/#breadcrumb","itemListElement":[{"@type":"ListItem","position":1,"name":"Page d'accueil","item":"https:\/\/telico.ca\/fr\/"},{"@type":"ListItem","position":2,"name":"Nos Solutions"}]},{"@type":"WebSite","@id":"https:\/\/telico.ca\/fr\/#website","url":"https:\/\/telico.ca\/fr\/","name":"Telico","description":"","publisher":{"@id":"https:\/\/telico.ca\/fr\/#organization"},"potentialAction":[{"@type":"SearchAction","target":{"@type":"EntryPoint","urlTemplate":"https:\/\/telico.ca\/fr\/?s={search_term_string}"},"query-input":"required name=search_term_string"}],"inLanguage":"en-US"},{"@type":"Organization","@id":"https:\/\/telico.ca\/fr\/#organization","name":"Telico","url":"https:\/\/telico.ca\/fr\/","logo":{"@type":"ImageObject","inLanguage":"en-US","@id":"https:\/\/telico.ca\/fr\/#\/schema\/logo\/image\/","url":"https:\/\/telico.ca\/fr\/wp-content\/uploads\/2023\/04\/lg.png","contentUrl":"https:\/\/telico.ca\/fr\/wp-content\/uploads\/2023\/04\/lg.png","width":252,"height":58,"caption":"Telico"},"image":{"@id":"https:\/\/telico.ca\/fr\/#\/schema\/logo\/image\/"}}]}},"_links":{"self":[{"href":"https:\/\/telico.ca\/fr\/wp-json\/wp\/v2\/pages\/321"}],"collection":[{"href":"https:\/\/telico.ca\/fr\/wp-json\/wp\/v2\/pages"}],"about":[{"href":"https:\/\/telico.ca\/fr\/wp-json\/wp\/v2\/types\/page"}],"author":[{"embeddable":true,"href":"https:\/\/telico.ca\/fr\/wp-json\/wp\/v2\/users\/1"}],"replies":[{"embeddable":true,"href":"https:\/\/telico.ca\/fr\/wp-json\/wp\/v2\/comments?post=321"}],"version-history":[{"count":24,"href":"https:\/\/telico.ca\/fr\/wp-json\/wp\/v2\/pages\/321\/revisions"}],"predecessor-version":[{"id":600,"href":"https:\/\/telico.ca\/fr\/wp-json\/wp\/v2\/pages\/321\/revisions\/600"}],"wp:attachment":[{"href":"https:\/\/telico.ca\/fr\/wp-json\/wp\/v2\/media?parent=321"}],"curies":[{"name":"wp","href":"https:\/\/api.w.org\/{rel}","templated":true}]}}