{"id":190,"date":"2023-04-19T13:45:47","date_gmt":"2023-04-19T20:45:47","guid":{"rendered":"https:\/\/telico.ca\/fr\/?page_id=190"},"modified":"2025-11-03T11:08:42","modified_gmt":"2025-11-03T19:08:42","slug":"contact","status":"publish","type":"page","link":"https:\/\/telico.ca\/fr\/contact\/","title":{"rendered":"Contactez-nous"},"content":{"rendered":"\n<div class=\"wp-block-cover is-style-hero\"><span aria-hidden=\"true\" class=\"wp-block-cover__background has-foreground-background-color has-background-dim-80 has-background-dim\"><\/span><img decoding=\"async\" loading=\"lazy\" width=\"2000\" height=\"1125\" class=\"wp-block-cover__image-background wp-image-130\" alt=\"\" src=\"https:\/\/telico.ca\/fr\/wp-content\/uploads\/2023\/04\/AdobeStock_275018303.jpeg\" data-object-fit=\"cover\" srcset=\"https:\/\/telico.ca\/fr\/wp-content\/uploads\/2023\/04\/AdobeStock_275018303.jpeg 2000w, https:\/\/telico.ca\/fr\/wp-content\/uploads\/2023\/04\/AdobeStock_275018303-1200x675.jpeg 1200w, https:\/\/telico.ca\/fr\/wp-content\/uploads\/2023\/04\/AdobeStock_275018303-1920x1080.jpeg 1920w, https:\/\/telico.ca\/fr\/wp-content\/uploads\/2023\/04\/AdobeStock_275018303-768x432.jpeg 768w, https:\/\/telico.ca\/fr\/wp-content\/uploads\/2023\/04\/AdobeStock_275018303-1536x864.jpeg 1536w\" sizes=\"(max-width: 2000px) 100vw, 2000px\" \/><div class=\"wp-block-cover__inner-container\">\n<h1 class=\"wp-block-heading has-text-align-center\"><em>Contactez<\/em> -nous<\/h1>\n<\/div><button class=\"hero-scroll\">Scroll<\/button><\/div>\n\n\n\n<div class=\"wp-block-group is-style-page-section is-layout-flow\">\n<div class=\"wp-block-group is-style-section-intro-cap is-content-justification-space-between is-nowrap is-layout-flex wp-container-1\">\n<figure class=\"wp-block-image size-full\"><img decoding=\"async\" loading=\"lazy\" width=\"43\" height=\"58\" src=\"https:\/\/telico.ca\/fr\/wp-content\/uploads\/2023\/04\/telico-icon.png\" alt=\"\" class=\"wp-image-155\"\/><\/figure>\n\n\n\n<p>Contactez-nous aujourd&#8217;hui<\/p>\n<\/div>\n\n\n\n<div class=\"wp-block-columns is-style-contact-links is-layout-flex wp-container-6\">\n<div class=\"wp-block-column is-layout-flow\">\n<p class=\"has-gray-color has-text-color\">Envoyez-nous un courriel<\/p>\n\n\n\n<p><a href=\"mailto:info@telico.ca\">info@telico.ca<\/a><\/p>\n<\/div>\n\n\n\n<div class=\"wp-block-column is-layout-flow\">\n<p class=\"has-gray-color has-text-color\">Appelez-nous<\/p>\n\n\n\n<p><a href=\"tel:+18559835426\">855.983.5426<\/a><\/p>\n<\/div>\n\n\n\n<div class=\"wp-block-column is-layout-flow\">\n<p class=\"has-gray-color has-text-color\">Connectez-vous avec nous<\/p>\n\n\n\n<ul class=\"wp-block-social-links has-icon-color is-style-logos-only is-layout-flex\"><li style=\"color: #1c1c1c; \" class=\"wp-social-link wp-social-link-linkedin wp-block-social-link\"><a rel=\" noopener nofollow\" target=\"_blank\" href=\"https:\/\/#\" class=\"wp-block-social-link-anchor\"><svg width=\"24\" height=\"24\" viewBox=\"0 0 24 24\" version=\"1.1\" xmlns=\"http:\/\/www.w3.org\/2000\/svg\" aria-hidden=\"true\" focusable=\"false\"><path d=\"M19.7,3H4.3C3.582,3,3,3.582,3,4.3v15.4C3,20.418,3.582,21,4.3,21h15.4c0.718,0,1.3-0.582,1.3-1.3V4.3 C21,3.582,20.418,3,19.7,3z M8.339,18.338H5.667v-8.59h2.672V18.338z M7.004,8.574c-0.857,0-1.549-0.694-1.549-1.548 c0-0.855,0.691-1.548,1.549-1.548c0.854,0,1.547,0.694,1.547,1.548C8.551,7.881,7.858,8.574,7.004,8.574z M18.339,18.338h-2.669 v-4.177c0-0.996-0.017-2.278-1.387-2.278c-1.389,0-1.601,1.086-1.601,2.206v4.249h-2.667v-8.59h2.559v1.174h0.037 c0.356-0.675,1.227-1.387,2.526-1.387c2.703,0,3.203,1.779,3.203,4.092V18.338z\"><\/path><\/svg><span class=\"wp-block-social-link-label screen-reader-text\">LinkedIn<\/span><\/a><\/li><\/ul>\n<\/div>\n<\/div>\n\n\n\n<div class=\"wp-block-media-text alignwide is-stacked-on-mobile is-style-contact-locations\"><figure class=\"wp-block-media-text__media\"><img decoding=\"async\" loading=\"lazy\" width=\"1418\" height=\"1501\" src=\"https:\/\/telico.ca\/fr\/wp-content\/uploads\/2023\/04\/Contact-Locations-Markers@2x.png\" alt=\"\" class=\"wp-image-150 size-full\" srcset=\"https:\/\/telico.ca\/fr\/wp-content\/uploads\/2023\/04\/Contact-Locations-Markers@2x.png 1418w, https:\/\/telico.ca\/fr\/wp-content\/uploads\/2023\/04\/Contact-Locations-Markers@2x-1134x1200.png 1134w, https:\/\/telico.ca\/fr\/wp-content\/uploads\/2023\/04\/Contact-Locations-Markers@2x-768x813.png 768w\" sizes=\"(max-width: 1418px) 100vw, 1418px\" \/><\/figure><div class=\"wp-block-media-text__content\">\n<h2 class=\"wp-block-heading\">Nous joindre<\/h2>\n\n\n\n<p><strong>Montr\u00e9al<\/strong><br>1275 Av. des Canadiens-de-Montr\u00e9al, suite 500<br>Montr\u00e9al, QC, Canada H3B 0G4<\/p>\n\n\n\n<p><strong>Ottawa<\/strong><br>116 Albert Street, Ottawa, ON, K1P 5G3<\/p>\n\n\n\n<p><strong>Toronto<\/strong><br>325 Front Street West, Toronto, ON, M5V 2Y1 <\/p>\n\n\n\n<p><strong>Vancouver<\/strong><br>1500 West Georgia, Vancouver, BC, V6G 2Z6<\/p>\n<\/div><\/div>\n<\/div>\n\n\n\n<div id=\"form\" class=\"wp-block-group is-style-page-section has-gray-color has-dark-gray-background-color has-text-color has-background is-layout-flow\">\n<div class=\"wp-block-group is-style-fact-wrapper is-nowrap is-layout-flex wp-container-10\">\n<div class=\"wp-block-group has-foreground-background-color has-background is-layout-flow\">\n<h2 class=\"wp-block-heading has-background-color has-text-color\">Besoin d&#8217;aide? Remplissez notre formulaire.<\/h2>\n\n\n\n<p>Veuillez remplir notre formulaire ou appelez-nous au <span style=\"text-decoration: underline;\"><a href=\"tel:8559835426\">855.983.5426<\/a><\/span> et nous vous r\u00e9pondrons d\u00e8s que possible <a href=\"mailto:info@telico.ca\">info@telico.ca<\/a>.<\/p>\n<\/div>\n\n\n\n<div class=\"wp-block-group has-background-color has-foreground-background-color has-text-color has-background is-layout-flow\"><div class=\"frm_forms \" id=\"frm_form_1_container\" data-token=\"f959b788a185185d1296f82067942e54\">\n<form enctype=\"multipart\/form-data\" method=\"post\" class=\"frm-show-form  frm_js_validate  frm_ajax_submit  frm_pro_form \" id=\"form_contact-form\"  data-token=\"f959b788a185185d1296f82067942e54\">\n<div class=\"frm_form_fields \">\n<fieldset>\n<legend class=\"frm_screen_reader\">Contactez-nous<\/legend>\r\n\r\n<div class=\"frm_fields_container\">\n<input type=\"hidden\" name=\"frm_action\" value=\"create\" \/>\n<input type=\"hidden\" name=\"form_id\" value=\"1\" \/>\n<input type=\"hidden\" name=\"frm_hide_fields_1\" id=\"frm_hide_fields_1\" value=\"\" \/>\n<input type=\"hidden\" name=\"form_key\" value=\"contact-form\" \/>\n<input type=\"hidden\" name=\"item_meta[0]\" value=\"\" \/>\n<input type=\"hidden\" id=\"frm_submit_entry_1\" name=\"frm_submit_entry_1\" value=\"499bb3309a\" \/><input type=\"hidden\" name=\"_wp_http_referer\" value=\"\/fr\/wp-json\/wp\/v2\/pages\/190\" \/><div id=\"frm_field_1_container\" class=\"frm_form_field form-field  frm_required_field frm_top_container frm_full\">\r\n    <label for=\"field_qh4icy\" id=\"field_qh4icy_label\" class=\"frm_primary_label\">Salut, comment tu t&#8217;appelles?\r\n        <span class=\"frm_required\" aria-hidden=\"true\">*<\/span>\r\n    <\/label>\r\n    <input type=\"text\" id=\"field_qh4icy\" name=\"item_meta[1]\" value=\"\"  placeholder=\"Entrez votre nom complet\" data-reqmsg=\"Ce champ ne peut pas \u00eatre vide.\" aria-required=\"true\" data-invmsg=\"Name is invalid\" aria-invalid=\"false\"  \/>\r\n    \r\n    \r\n<\/div>\n<div id=\"frm_field_2_container\" class=\"frm_form_field form-field  frm_required_field frm_top_container frm_full\">\r\n    <label for=\"field_ocfup1\" id=\"field_ocfup1_label\" class=\"frm_primary_label\">Ton courriel?\r\n        <span class=\"frm_required\" aria-hidden=\"true\">*<\/span>\r\n    <\/label>\r\n    <input type=\"email\" id=\"field_ocfup1\" name=\"item_meta[2]\" value=\"\"  placeholder=\"Entrez votre adresse courriel\" data-reqmsg=\"This field cannot be blank.\" aria-required=\"true\" data-invmsg=\"Last is invalid\" aria-invalid=\"false\"  \/>\r\n    \r\n    \r\n<\/div>\n<div id=\"frm_field_3_container\" class=\"frm_form_field form-field  frm_required_field frm_top_container frm_full\">\r\n    <label for=\"field_29yf4d\" id=\"field_29yf4d_label\" class=\"frm_primary_label\">Votre num\u00e9ro de t\u00e9l\u00e9phone?\r\n        <span class=\"frm_required\" aria-hidden=\"true\">*<\/span>\r\n    <\/label>\r\n    <input type=\"tel\" id=\"field_29yf4d\" name=\"item_meta[3]\" value=\"\"  placeholder=\"Veuillez entrer votre num\u00e9ro de t\u00e9l\u00e9phone.\" data-reqmsg=\"Ce champ ne peut pas \u00eatre vide.\" aria-required=\"true\" data-invmsg=\"Veuillez entrer une adresse email valide.\" aria-invalid=\"false\" pattern=\"((\\+\\d{1,3}(-|.| )?\\(?\\d\\)?(-| |.)?\\d{1,5})|(\\(?\\d{2,6}\\)?))(-|.| )?(\\d{3,4})(-|.| )?(\\d{4})(( x| ext)\\d{1,5}){0,1}$\"  \/>\r\n    \r\n    \r\n<\/div>\n<div id=\"frm_field_6_container\" class=\"frm_form_field form-field  frm_required_field frm_top_container\">\r\n    <label for=\"field_ueup5\" id=\"field_ueup5_label\" class=\"frm_primary_label\">Meilleur moment pour vous appeler?\r\n        <span class=\"frm_required\" aria-hidden=\"true\">*<\/span>\r\n    <\/label>\r\n    \t\t<select name=\"item_meta[6]\" id=\"field_ueup5\"  data-reqmsg=\"Ce champ ne peut pas \u00eatre vide.\" aria-required=\"true\" data-invmsg=\"Meilleur moment pour vous appeler? is invalid\" aria-invalid=\"false\"  >\n\t\t\t\t<option  value=\"\" selected=\"selected\">\n\t\t\tVeuillez en choisir un\t\t<\/option>\n\t\t\t\t<option  value=\"Matin\">\n\t\t\tMatin\t\t<\/option>\n\t\t\t\t<option  value=\"Apr\u00e8s-midi\">\n\t\t\tApr\u00e8s-midi\t\t<\/option>\n\t\t\t\t<option  value=\"Soir\">\n\t\t\tSoir\t\t<\/option>\n\t\t\t<\/select>\n\t\r\n    \r\n    \r\n<\/div>\n<div id=\"frm_field_8_container\" class=\"frm_form_field form-field  frm_required_field frm_top_container\">\r\n    <label for=\"field_995tj\" id=\"field_995tj_label\" class=\"frm_primary_label\">Qu&#8217;est-ce qui vous int\u00e9resse?\r\n        <span class=\"frm_required\" aria-hidden=\"true\">*<\/span>\r\n    <\/label>\r\n    \t\t<select name=\"item_meta[8]\" id=\"field_995tj\"  data-reqmsg=\"Ce champ ne peut pas \u00eatre vide.\" aria-required=\"true\" data-invmsg=\"Qu&#039;est-ce qui vous int\u00e9resse? is invalid\" aria-invalid=\"false\"  >\n\t\t\t\t<option  value=\"\" selected=\"selected\">\n\t\t\tVeuillez en choisir un\t\t<\/option>\n\t\t\t\t<option  value=\"Syst\u00e8me T\u00e9l\u00e9phonique Cloud\">\n\t\t\tSyst\u00e8me T\u00e9l\u00e9phonique Cloud\t\t<\/option>\n\t\t\t\t<option  value=\"\u00c9quipement\">\n\t\t\t\u00c9quipement\t\t<\/option>\n\t\t\t\t<option  value=\"Partenaires\">\n\t\t\tPartenaires\t\t<\/option>\n\t\t\t\t<option  value=\"Support\">\n\t\t\tSupport\t\t<\/option>\n\t\t\t\t<option  value=\"Aucun des choix ci-dessus\">\n\t\t\tAucun des choix ci-dessus\t\t<\/option>\n\t\t\t<\/select>\n\t\r\n    \r\n    \r\n<\/div>\n<div id=\"frm_field_4_container\" class=\"frm_form_field form-field  frm_required_field frm_top_container frm_full\">\r\n    <label for=\"field_e6lis6\" id=\"field_e6lis6_label\" class=\"frm_primary_label\">Nombre de places?\r\n        <span class=\"frm_required\" aria-hidden=\"true\">*<\/span>\r\n    <\/label>\r\n    <input type=\"number\" id=\"field_e6lis6\" name=\"item_meta[4]\" value=\"\"  placeholder=\"Veuillez en choisir un\" data-reqmsg=\"This field cannot be blank.\" aria-required=\"true\" data-invmsg=\"Subject is invalid\" aria-invalid=\"false\"   min=\"1\" max=\"10000\" step=\"1\"\/>\r\n    \r\n    \r\n<\/div>\n<div id=\"frm_field_5_container\" class=\"frm_form_field form-field  frm_required_field frm_top_container frm_full\">\r\n    <label for=\"field_9jv0r1\" id=\"field_9jv0r1_label\" class=\"frm_primary_label\">Finalement, quel est votre message?\r\n        <span class=\"frm_required\" aria-hidden=\"true\">*<\/span>\r\n    <\/label>\r\n    <textarea name=\"item_meta[5]\" id=\"field_9jv0r1\" rows=\"5\"  placeholder=\"Veuillez saisir votre message.\" data-reqmsg=\"Ce champ ne peut pas \u00eatre vide.\" aria-required=\"true\" data-invmsg=\"Le message est invalide.\" aria-invalid=\"false\"  ><\/textarea>\r\n    \r\n    \r\n<\/div>\n\t<input type=\"hidden\" name=\"item_key\" value=\"\" \/>\n\t\t\t\t<div class=\"frm_verify\" >\n\t\t\t\t<label for=\"frm_email_1\">\n\t\t\t\t\tIf you are human, leave this field blank.\t\t\t\t<\/label>\n\t\t\t\t<input type=\"email\" class=\"frm_verify\" id=\"frm_email_1\" name=\"frm_verify\" value=\"\"  \/>\n\t\t\t<\/div>\n\t\t<input name=\"frm_state\" type=\"hidden\" value=\"cclgJIGjRRDZL8\/fq5gSg5mAp+slednd+h6JgS7CoKQ=\" \/><div class=\"frm_submit wp-block-buttons\">\r\n  <div class=\"wp-block-button\"><button class=\"wp-block-button__link has-background-background-color has-background\" type=\"submit\"  class=\"frm_final_submit\" formnovalidate=\"formnovalidate\"><span class=\"wp-block-button__link-doodad\"><svg xmlns=\"http:\/\/www.w3.org\/2000\/svg\" viewBox=\"0 0 14 21\" width=\"14\" height=\"21\"><g fill=\"currentColor\"><circle cx=\"10.5\" cy=\"10.5\" r=\"3.5\"><\/circle><circle cx=\"3.5\" cy=\"3.5\" r=\"3.5\"><\/circle><circle cx=\"3.5\" cy=\"17.5\" r=\"3.5\"><\/circle><\/g><\/svg><\/span>Envoyer la demande<\/button><\/div>\r\n<\/div><\/div>\n<\/fieldset>\n<\/div>\n<\/form>\n<\/div>\n<\/div>\n<\/div>\n<\/div>\n","protected":false},"excerpt":{"rendered":"<p>Contactez-nous aujourd&#8217;hui Envoyez-nous un courriel info@telico.ca Appelez-nous 855.983.5426 Connectez-vous avec nous Nous joindre Montr\u00e9al1275 Av. des Canadiens-de-Montr\u00e9al, suite 500Montr\u00e9al, QC, Canada H3B 0G4 Ottawa116 Albert Street, Ottawa, ON, K1P 5G3 Toronto325 Front Street West, Toronto, ON, M5V 2Y1 Vancouver1500 West Georgia, Vancouver, BC, V6G 2Z6 Besoin d&#8217;aide? Remplissez notre formulaire. Veuillez remplir notre formulaire ou [&hellip;]<\/p>\n","protected":false},"author":1,"featured_media":0,"parent":0,"menu_order":70,"comment_status":"closed","ping_status":"closed","template":"","meta":[],"acf":[],"yoast_head":"<!-- This site is optimized with the Yoast SEO plugin v20.8 - https:\/\/yoast.com\/wordpress\/plugins\/seo\/ -->\n<title>Contactez-nous | Syst\u00e8mes t\u00e9l\u00e9phoniques et \u00e9quipements r\u00e9seau Telico<\/title>\n<meta name=\"description\" content=\"Vous souhaitez am\u00e9liorer strat\u00e9giquement vos syst\u00e8mes d&#039;entreprise avec la derni\u00e8re technologie VoIP ? Connectons-nous et discutons des syst\u00e8mes t\u00e9l\u00e9phoniques et des \u00e9quipements r\u00e9seau.\" \/>\n<meta name=\"robots\" content=\"index, follow, max-snippet:-1, max-image-preview:large, max-video-preview:-1\" \/>\n<link rel=\"canonical\" href=\"https:\/\/telico.ca\/fr\/contact\/\" \/>\n<meta property=\"og:locale\" content=\"en_US\" \/>\n<meta property=\"og:type\" content=\"article\" \/>\n<meta property=\"og:title\" content=\"Contactez-nous | Syst\u00e8mes t\u00e9l\u00e9phoniques et \u00e9quipements r\u00e9seau Telico\" \/>\n<meta property=\"og:description\" content=\"Vous souhaitez am\u00e9liorer strat\u00e9giquement vos syst\u00e8mes d&#039;entreprise avec la derni\u00e8re technologie VoIP ? Connectons-nous et discutons des syst\u00e8mes t\u00e9l\u00e9phoniques et des \u00e9quipements r\u00e9seau.\" \/>\n<meta property=\"og:url\" content=\"https:\/\/telico.ca\/fr\/contact\/\" \/>\n<meta property=\"og:site_name\" content=\"Telico\" \/>\n<meta property=\"article:modified_time\" content=\"2025-11-03T19:08:42+00:00\" \/>\n<meta property=\"og:image\" content=\"https:\/\/telico.ca\/fr\/wp-content\/uploads\/2023\/04\/AdobeStock_275018303.jpeg\" \/>\n<meta name=\"twitter:card\" content=\"summary_large_image\" \/>\n<meta name=\"twitter:label1\" content=\"Est. reading time\" \/>\n\t<meta name=\"twitter:data1\" content=\"1 minute\" \/>\n<script type=\"application\/ld+json\" class=\"yoast-schema-graph\">{\"@context\":\"https:\/\/schema.org\",\"@graph\":[{\"@type\":\"WebPage\",\"@id\":\"https:\/\/telico.ca\/fr\/contact\/\",\"url\":\"https:\/\/telico.ca\/fr\/contact\/\",\"name\":\"Contactez-nous | Syst\u00e8mes t\u00e9l\u00e9phoniques et \u00e9quipements r\u00e9seau Telico\",\"isPartOf\":{\"@id\":\"https:\/\/telico.ca\/fr\/#website\"},\"datePublished\":\"2023-04-19T20:45:47+00:00\",\"dateModified\":\"2025-11-03T19:08:42+00:00\",\"description\":\"Vous souhaitez am\u00e9liorer strat\u00e9giquement vos syst\u00e8mes d'entreprise avec la derni\u00e8re technologie VoIP ? Connectons-nous et discutons des syst\u00e8mes t\u00e9l\u00e9phoniques et des \u00e9quipements r\u00e9seau.\",\"breadcrumb\":{\"@id\":\"https:\/\/telico.ca\/fr\/contact\/#breadcrumb\"},\"inLanguage\":\"en-US\",\"potentialAction\":[{\"@type\":\"ReadAction\",\"target\":[\"https:\/\/telico.ca\/fr\/contact\/\"]}]},{\"@type\":\"BreadcrumbList\",\"@id\":\"https:\/\/telico.ca\/fr\/contact\/#breadcrumb\",\"itemListElement\":[{\"@type\":\"ListItem\",\"position\":1,\"name\":\"Page d'accueil\",\"item\":\"https:\/\/telico.ca\/fr\/\"},{\"@type\":\"ListItem\",\"position\":2,\"name\":\"Contactez-nous\"}]},{\"@type\":\"WebSite\",\"@id\":\"https:\/\/telico.ca\/fr\/#website\",\"url\":\"https:\/\/telico.ca\/fr\/\",\"name\":\"Telico\",\"description\":\"\",\"publisher\":{\"@id\":\"https:\/\/telico.ca\/fr\/#organization\"},\"potentialAction\":[{\"@type\":\"SearchAction\",\"target\":{\"@type\":\"EntryPoint\",\"urlTemplate\":\"https:\/\/telico.ca\/fr\/?s={search_term_string}\"},\"query-input\":\"required name=search_term_string\"}],\"inLanguage\":\"en-US\"},{\"@type\":\"Organization\",\"@id\":\"https:\/\/telico.ca\/fr\/#organization\",\"name\":\"Telico\",\"url\":\"https:\/\/telico.ca\/fr\/\",\"logo\":{\"@type\":\"ImageObject\",\"inLanguage\":\"en-US\",\"@id\":\"https:\/\/telico.ca\/fr\/#\/schema\/logo\/image\/\",\"url\":\"https:\/\/telico.ca\/fr\/wp-content\/uploads\/2023\/04\/lg.png\",\"contentUrl\":\"https:\/\/telico.ca\/fr\/wp-content\/uploads\/2023\/04\/lg.png\",\"width\":252,\"height\":58,\"caption\":\"Telico\"},\"image\":{\"@id\":\"https:\/\/telico.ca\/fr\/#\/schema\/logo\/image\/\"}}]}<\/script>\n<!-- \/ Yoast SEO plugin. -->","yoast_head_json":{"title":"Contactez-nous | Syst\u00e8mes t\u00e9l\u00e9phoniques et \u00e9quipements r\u00e9seau Telico","description":"Vous souhaitez am\u00e9liorer strat\u00e9giquement vos syst\u00e8mes d'entreprise avec la derni\u00e8re technologie VoIP ? Connectons-nous et discutons des syst\u00e8mes t\u00e9l\u00e9phoniques et des \u00e9quipements r\u00e9seau.","robots":{"index":"index","follow":"follow","max-snippet":"max-snippet:-1","max-image-preview":"max-image-preview:large","max-video-preview":"max-video-preview:-1"},"canonical":"https:\/\/telico.ca\/fr\/contact\/","og_locale":"en_US","og_type":"article","og_title":"Contactez-nous | Syst\u00e8mes t\u00e9l\u00e9phoniques et \u00e9quipements r\u00e9seau Telico","og_description":"Vous souhaitez am\u00e9liorer strat\u00e9giquement vos syst\u00e8mes d'entreprise avec la derni\u00e8re technologie VoIP ? Connectons-nous et discutons des syst\u00e8mes t\u00e9l\u00e9phoniques et des \u00e9quipements r\u00e9seau.","og_url":"https:\/\/telico.ca\/fr\/contact\/","og_site_name":"Telico","article_modified_time":"2025-11-03T19:08:42+00:00","og_image":[{"url":"https:\/\/telico.ca\/fr\/wp-content\/uploads\/2023\/04\/AdobeStock_275018303.jpeg"}],"twitter_card":"summary_large_image","twitter_misc":{"Est. reading time":"1 minute"},"schema":{"@context":"https:\/\/schema.org","@graph":[{"@type":"WebPage","@id":"https:\/\/telico.ca\/fr\/contact\/","url":"https:\/\/telico.ca\/fr\/contact\/","name":"Contactez-nous | Syst\u00e8mes t\u00e9l\u00e9phoniques et \u00e9quipements r\u00e9seau Telico","isPartOf":{"@id":"https:\/\/telico.ca\/fr\/#website"},"datePublished":"2023-04-19T20:45:47+00:00","dateModified":"2025-11-03T19:08:42+00:00","description":"Vous souhaitez am\u00e9liorer strat\u00e9giquement vos syst\u00e8mes d'entreprise avec la derni\u00e8re technologie VoIP ? Connectons-nous et discutons des syst\u00e8mes t\u00e9l\u00e9phoniques et des \u00e9quipements r\u00e9seau.","breadcrumb":{"@id":"https:\/\/telico.ca\/fr\/contact\/#breadcrumb"},"inLanguage":"en-US","potentialAction":[{"@type":"ReadAction","target":["https:\/\/telico.ca\/fr\/contact\/"]}]},{"@type":"BreadcrumbList","@id":"https:\/\/telico.ca\/fr\/contact\/#breadcrumb","itemListElement":[{"@type":"ListItem","position":1,"name":"Page d'accueil","item":"https:\/\/telico.ca\/fr\/"},{"@type":"ListItem","position":2,"name":"Contactez-nous"}]},{"@type":"WebSite","@id":"https:\/\/telico.ca\/fr\/#website","url":"https:\/\/telico.ca\/fr\/","name":"Telico","description":"","publisher":{"@id":"https:\/\/telico.ca\/fr\/#organization"},"potentialAction":[{"@type":"SearchAction","target":{"@type":"EntryPoint","urlTemplate":"https:\/\/telico.ca\/fr\/?s={search_term_string}"},"query-input":"required name=search_term_string"}],"inLanguage":"en-US"},{"@type":"Organization","@id":"https:\/\/telico.ca\/fr\/#organization","name":"Telico","url":"https:\/\/telico.ca\/fr\/","logo":{"@type":"ImageObject","inLanguage":"en-US","@id":"https:\/\/telico.ca\/fr\/#\/schema\/logo\/image\/","url":"https:\/\/telico.ca\/fr\/wp-content\/uploads\/2023\/04\/lg.png","contentUrl":"https:\/\/telico.ca\/fr\/wp-content\/uploads\/2023\/04\/lg.png","width":252,"height":58,"caption":"Telico"},"image":{"@id":"https:\/\/telico.ca\/fr\/#\/schema\/logo\/image\/"}}]}},"_links":{"self":[{"href":"https:\/\/telico.ca\/fr\/wp-json\/wp\/v2\/pages\/190"}],"collection":[{"href":"https:\/\/telico.ca\/fr\/wp-json\/wp\/v2\/pages"}],"about":[{"href":"https:\/\/telico.ca\/fr\/wp-json\/wp\/v2\/types\/page"}],"author":[{"embeddable":true,"href":"https:\/\/telico.ca\/fr\/wp-json\/wp\/v2\/users\/1"}],"replies":[{"embeddable":true,"href":"https:\/\/telico.ca\/fr\/wp-json\/wp\/v2\/comments?post=190"}],"version-history":[{"count":32,"href":"https:\/\/telico.ca\/fr\/wp-json\/wp\/v2\/pages\/190\/revisions"}],"predecessor-version":[{"id":614,"href":"https:\/\/telico.ca\/fr\/wp-json\/wp\/v2\/pages\/190\/revisions\/614"}],"wp:attachment":[{"href":"https:\/\/telico.ca\/fr\/wp-json\/wp\/v2\/media?parent=190"}],"curies":[{"name":"wp","href":"https:\/\/api.w.org\/{rel}","templated":true}]}}