{"id":185,"date":"2023-04-19T13:38:54","date_gmt":"2023-04-19T20:38:54","guid":{"rendered":"https:\/\/telico.ca\/fr\/?page_id=185"},"modified":"2023-05-26T16:22:03","modified_gmt":"2023-05-26T23:22:03","slug":"carrieres","status":"publish","type":"page","link":"https:\/\/telico.ca\/fr\/carrieres\/","title":{"rendered":"Carri\u00e8res"},"content":{"rendered":"\n<div class=\"wp-block-cover is-style-hero is-style-hero-dark-gray-sibling\"><span aria-hidden=\"true\" class=\"wp-block-cover__background has-foreground-background-color has-background-dim-80 has-background-dim\"><\/span><img decoding=\"async\" loading=\"lazy\" width=\"2560\" height=\"1468\" class=\"wp-block-cover__image-background wp-image-299\" alt=\"\" src=\"https:\/\/telico.ca\/fr\/wp-content\/uploads\/2023\/04\/Telico-Careers-Hero.jpg\" data-object-fit=\"cover\" srcset=\"https:\/\/telico.ca\/fr\/wp-content\/uploads\/2023\/04\/Telico-Careers-Hero.jpg 2560w, https:\/\/telico.ca\/fr\/wp-content\/uploads\/2023\/04\/Telico-Careers-Hero-1200x688.jpg 1200w, https:\/\/telico.ca\/fr\/wp-content\/uploads\/2023\/04\/Telico-Careers-Hero-1920x1101.jpg 1920w, https:\/\/telico.ca\/fr\/wp-content\/uploads\/2023\/04\/Telico-Careers-Hero-768x440.jpg 768w, https:\/\/telico.ca\/fr\/wp-content\/uploads\/2023\/04\/Telico-Careers-Hero-1536x881.jpg 1536w, https:\/\/telico.ca\/fr\/wp-content\/uploads\/2023\/04\/Telico-Careers-Hero-2048x1174.jpg 2048w\" sizes=\"(max-width: 2560px) 100vw, 2560px\" \/><div class=\"wp-block-cover__inner-container\">\n<h1 class=\"wp-block-heading has-text-align-center\"><em>Connectez<\/em> le monde avec nous<\/h1>\n<\/div><button class=\"hero-scroll\">Scroll<\/button><\/div>\n\n\n\n<div class=\"wp-block-group is-style-page-section has-background-color has-dark-gray-background-color has-text-color has-background is-layout-flow\">\n<div class=\"wp-block-columns is-style-homepage-partner-top is-layout-flex wp-container-3\">\n<div class=\"wp-block-column is-layout-flow\" style=\"flex-basis:33.33%\">\n<p>Un environnement d\u00e9termin\u00e9 \u00e0 aider les autres \u00e0 atteindre leurs objectifs.<\/p>\n<\/div>\n\n\n\n<div class=\"wp-block-column is-layout-flow\" style=\"flex-basis:66.66%\">\n<h2 class=\"wp-block-heading\">Nous sommes passionn\u00e9s par la <em>connexion<\/em><\/h2>\n<\/div>\n<\/div>\n\n\n\n<figure class=\"wp-block-image size-large\"><img decoding=\"async\" loading=\"lazy\" width=\"1920\" height=\"923\" src=\"https:\/\/telico.ca\/fr\/wp-content\/uploads\/2023\/04\/Telico-Careers-Benefits@2x-1920x923.png\" alt=\"\" class=\"wp-image-144\" srcset=\"https:\/\/telico.ca\/fr\/wp-content\/uploads\/2023\/04\/Telico-Careers-Benefits@2x-1920x923.png 1920w, https:\/\/telico.ca\/fr\/wp-content\/uploads\/2023\/04\/Telico-Careers-Benefits@2x-1200x577.png 1200w, https:\/\/telico.ca\/fr\/wp-content\/uploads\/2023\/04\/Telico-Careers-Benefits@2x-768x369.png 768w, https:\/\/telico.ca\/fr\/wp-content\/uploads\/2023\/04\/Telico-Careers-Benefits@2x-1536x739.png 1536w, https:\/\/telico.ca\/fr\/wp-content\/uploads\/2023\/04\/Telico-Careers-Benefits@2x-2048x985.png 2048w\" sizes=\"(max-width: 1920px) 100vw, 1920px\" \/><\/figure>\n\n\n\n<div class=\"wp-block-columns is-style-homepage-partner-bottom is-layout-flex wp-container-14\">\n<div class=\"wp-block-column is-layout-flow\" style=\"flex-basis:33.33%\">\n<p><strong>Pourquoi travailler avec nous ?<\/strong><\/p>\n\n\n\n<p>Il y a de nombreux avantages \u00e0 travailler chez Telico. Si vous souhaitez en savoir plus ou si vous \u00eates int\u00e9ress\u00e9 \u00e0 travailler avec nous, veuillez nous contacter d\u00e8s aujourd&#8217;hui. M\u00eame si nous n&#8217;avons pas de poste ouvert, nous aimerions avoir de vos nouvelles.<\/p>\n\n\n\n<div class=\"wp-block-buttons is-layout-flex\">\n<div class=\"wp-block-button\"><a class=\"wp-block-button__link has-background-background-color has-background wp-element-button\" href=\"#opportunities\"><span class=\"wp-block-button__link-doodad\"><svg xmlns=\"http:\/\/www.w3.org\/2000\/svg\" viewBox=\"0 0 14 21\" width=\"14\" height=\"21\"><g fill=\"currentColor\"><circle cx=\"10.5\" cy=\"10.5\" r=\"3.5\"\/><circle cx=\"3.5\" cy=\"3.5\" r=\"3.5\"\/><circle cx=\"3.5\" cy=\"17.5\" r=\"3.5\"\/><\/g><\/svg><\/span>Voir les postes disponibles<\/a><\/div>\n<\/div>\n<\/div>\n\n\n\n<div class=\"wp-block-column is-layout-flow\" style=\"flex-basis:66.66%\">\n<div class=\"wp-block-columns is-layout-flex wp-container-12\">\n<div class=\"wp-block-column is-layout-flow\">\n<div class=\"wp-block-group is-style-homepage-icon-card is-layout-constrained\">\n<figure class=\"wp-block-image size-full is-resized\"><img decoding=\"async\" loading=\"lazy\" src=\"https:\/\/telico.ca\/fr\/wp-content\/uploads\/2023\/04\/Hands-Off.png\" alt=\"\" class=\"wp-image-50\" width=\"50\" height=\"50\"\/><\/figure>\n\n\n\n<p>Avantages de travailler chez Telico<\/p>\n<\/div>\n\n\n\n<div class=\"wp-block-group is-style-homepage-icon-card is-layout-constrained\">\n<figure class=\"wp-block-image size-full is-resized\"><img decoding=\"async\" loading=\"lazy\" src=\"https:\/\/telico.ca\/fr\/wp-content\/uploads\/2023\/04\/Add-More.png\" alt=\"\" class=\"wp-image-49\" width=\"50\" height=\"50\"\/><\/figure>\n\n\n\n<p>Avantages de travailler chez Telico<\/p>\n<\/div>\n<\/div>\n\n\n\n<div class=\"wp-block-column is-layout-flow\">\n<div class=\"wp-block-group is-style-homepage-icon-card is-layout-constrained\">\n<figure class=\"wp-block-image size-full is-resized\"><img decoding=\"async\" loading=\"lazy\" src=\"https:\/\/telico.ca\/fr\/wp-content\/uploads\/2023\/04\/Stay-Relevant.png\" alt=\"\" class=\"wp-image-52\" width=\"50\" height=\"50\"\/><\/figure>\n\n\n\n<p>Avantages de travailler chez Telico<\/p>\n<\/div>\n\n\n\n<div class=\"wp-block-group is-style-homepage-icon-card is-layout-constrained\">\n<figure class=\"wp-block-image size-full is-resized\"><img decoding=\"async\" loading=\"lazy\" src=\"https:\/\/telico.ca\/fr\/wp-content\/uploads\/2023\/04\/Happier-Clients.png\" alt=\"\" class=\"wp-image-51\" width=\"50\" height=\"50\"\/><\/figure>\n\n\n\n<p>Avantages de travailler chez Telico<\/p>\n<\/div>\n<\/div>\n<\/div>\n<\/div>\n<\/div>\n<\/div>\n\n\n\n<div class=\"wp-block-cover is-style-page-section is-style-careers-quote-section\"><span aria-hidden=\"true\" class=\"wp-block-cover__background has-foreground-background-color has-background-dim-70 has-background-dim\"><\/span><img decoding=\"async\" loading=\"lazy\" width=\"2560\" height=\"1707\" class=\"wp-block-cover__image-background wp-image-20\" alt=\"\" src=\"https:\/\/telico.ca\/fr\/wp-content\/uploads\/2023\/04\/dylan-gillis-KdeqA3aTnBY-unsplash-scaled.jpg\" data-object-fit=\"cover\" srcset=\"https:\/\/telico.ca\/fr\/wp-content\/uploads\/2023\/04\/dylan-gillis-KdeqA3aTnBY-unsplash-scaled.jpg 2560w, https:\/\/telico.ca\/fr\/wp-content\/uploads\/2023\/04\/dylan-gillis-KdeqA3aTnBY-unsplash-1200x800.jpg 1200w, https:\/\/telico.ca\/fr\/wp-content\/uploads\/2023\/04\/dylan-gillis-KdeqA3aTnBY-unsplash-1920x1280.jpg 1920w, https:\/\/telico.ca\/fr\/wp-content\/uploads\/2023\/04\/dylan-gillis-KdeqA3aTnBY-unsplash-768x512.jpg 768w, https:\/\/telico.ca\/fr\/wp-content\/uploads\/2023\/04\/dylan-gillis-KdeqA3aTnBY-unsplash-1536x1024.jpg 1536w, https:\/\/telico.ca\/fr\/wp-content\/uploads\/2023\/04\/dylan-gillis-KdeqA3aTnBY-unsplash-2048x1365.jpg 2048w\" sizes=\"(max-width: 2560px) 100vw, 2560px\" \/><div class=\"wp-block-cover__inner-container\">\n<p class=\"has-text-align-left is-style-leading-paragraph\" style=\"font-style:normal;font-weight:400\">&#8220;Travailler chez Telico au cours des 4 derni\u00e8res ann\u00e9es a \u00e9t\u00e9 tout simplement incroyable.&#8221;<\/p>\n\n\n\n<div class=\"wp-block-columns is-style-homepage-communication-bottom is-layout-flex wp-container-19\">\n<div class=\"wp-block-column is-layout-flow\" style=\"flex-basis:50%\">\n\n<\/div>\n\n\n\n<div class=\"wp-block-column is-layout-flow\" style=\"flex-basis:50%\">\n<div class=\"wp-block-buttons is-content-justification-right is-layout-flex wp-container-17\">\n<div class=\"wp-block-button\"><a class=\"wp-block-button__link has-background-background-color has-background wp-element-button\" href=\"https:\/\/telico.ca\/fr\/contact\/\"><span class=\"wp-block-button__link-doodad\"><svg xmlns=\"http:\/\/www.w3.org\/2000\/svg\" viewBox=\"0 0 14 21\" width=\"14\" height=\"21\"><g fill=\"currentColor\"><circle cx=\"10.5\" cy=\"10.5\" r=\"3.5\"\/><circle cx=\"3.5\" cy=\"3.5\" r=\"3.5\"\/><circle cx=\"3.5\" cy=\"17.5\" r=\"3.5\"\/><\/g><\/svg><\/span>Contactez-nous<\/a><\/div>\n<\/div>\n<\/div>\n<\/div>\n<\/div><\/div>\n\n\n\n<div class=\"wp-block-group is-style-page-section is-layout-flow\">\n<h2 class=\"wp-block-heading has-text-align-center\">Pr\u00eat \u00e0 aider \u00e0 cr\u00e9er un avenir<br><em>plus fort<\/em> ?<\/h2>\n<\/div>\n\n\n\n<div id=\"opportunities\" class=\"wp-block-group is-style-page-section has-lighter-gray-background-color has-background is-layout-flow\">\n<p>Nom du d\u00e9partement<\/p>\n\n\n<div class=\"wp-block-telico-career-opportunity\">\n  <div class=\"opportunity-wrapper\">\n    <div class=\"opportunity-header\">\n      <h2>Position Name\/Title<\/h2>\n      <span class=\"type\">Temps plein<\/span>\n      <div class=\"location-cta-wrapper\">\n        <span class=\"location\"> Montr\u00e9al, QC<\/span>\n        <div class=\"wp-block-button\"><button class=\"wp-block-button__link\"><span class=\"wp-block-button__link-doodad\"><svg xmlns=\"http:\/\/www.w3.org\/2000\/svg\" viewBox=\"0 0 14 21\" width=\"14\" height=\"21\"><g fill=\"currentColor\"><circle cx=\"10.5\" cy=\"10.5\" r=\"3.5\"><\/circle><circle cx=\"3.5\" cy=\"3.5\" r=\"3.5\"><\/circle><circle cx=\"3.5\" cy=\"17.5\" r=\"3.5\"><\/circle><\/g><\/svg><\/span><span class=\"wp-block-button__link-label\">View Details<\/span><\/button><\/div>\n      <\/div>\n    <\/div>\n    <div class=\"opportunity-body-wrapper\" style=\"display:none;\">\n      <div class=\"opportunity-body\">\n        <div class=\"description\">\n          <h3>Description<\/h3>\n          <p>Veuillez envoyer votre lettre de motivation et votre CV par courrier \u00e9lectronique \u00e0 <a href=\"careers@telico.ca\">careers@telico.ca<\/a><\/p>\n        <\/div>\n        <div class=\"requirements\">\n                    <h3>Requirements<\/h3>\n          <ul>\n            <li>Exigences du poste<\/li>\n          <\/ul>\n                  <\/div>\n      <\/div>\n    <\/div>\n  <\/div>\n<\/div>\n<\/div>\n","protected":false},"excerpt":{"rendered":"<p>Un environnement d\u00e9termin\u00e9 \u00e0 aider les autres \u00e0 atteindre leurs objectifs. Nous sommes passionn\u00e9s par la connexion Pourquoi travailler avec nous ? Il y a de nombreux avantages \u00e0 travailler chez Telico. Si vous souhaitez en savoir plus ou si vous \u00eates int\u00e9ress\u00e9 \u00e0 travailler avec nous, veuillez nous contacter d\u00e8s aujourd&#8217;hui. M\u00eame si nous [&hellip;]<\/p>\n","protected":false},"author":1,"featured_media":0,"parent":0,"menu_order":60,"comment_status":"closed","ping_status":"closed","template":"","meta":[],"acf":[],"yoast_head":"<!-- This site is optimized with the Yoast SEO plugin v20.8 - https:\/\/yoast.com\/wordpress\/plugins\/seo\/ -->\n<title>Carri\u00e8res | Telico<\/title>\n<meta name=\"description\" content=\"Telico est une marque pour les penseurs, les pr\u00e9curseurs, les adeptes habiles de la technologie. Vous souhaitez travailler ensemble ? Consultez nos postes disponibles.\" \/>\n<meta name=\"robots\" content=\"index, follow, max-snippet:-1, max-image-preview:large, max-video-preview:-1\" \/>\n<link rel=\"canonical\" href=\"https:\/\/telico.ca\/fr\/carrieres\/\" \/>\n<meta property=\"og:locale\" content=\"en_US\" \/>\n<meta property=\"og:type\" content=\"article\" \/>\n<meta property=\"og:title\" content=\"Carri\u00e8res | Telico\" \/>\n<meta property=\"og:description\" content=\"Telico est une marque pour les penseurs, les pr\u00e9curseurs, les adeptes habiles de la technologie. Vous souhaitez travailler ensemble ? Consultez nos postes disponibles.\" \/>\n<meta property=\"og:url\" content=\"https:\/\/telico.ca\/fr\/carrieres\/\" \/>\n<meta property=\"og:site_name\" content=\"Telico\" \/>\n<meta property=\"article:modified_time\" content=\"2023-05-26T23:22:03+00:00\" \/>\n<meta property=\"og:image\" content=\"https:\/\/telico.ca\/fr\/wp-content\/uploads\/2023\/04\/Telico-Careers-Hero.jpg\" \/>\n<meta name=\"twitter:card\" content=\"summary_large_image\" \/>\n<meta name=\"twitter:label1\" content=\"Est. reading time\" \/>\n\t<meta name=\"twitter:data1\" content=\"2 minutes\" \/>\n<script type=\"application\/ld+json\" class=\"yoast-schema-graph\">{\"@context\":\"https:\/\/schema.org\",\"@graph\":[{\"@type\":\"WebPage\",\"@id\":\"https:\/\/telico.ca\/fr\/carrieres\/\",\"url\":\"https:\/\/telico.ca\/fr\/carrieres\/\",\"name\":\"Carri\u00e8res | Telico\",\"isPartOf\":{\"@id\":\"https:\/\/telico.ca\/fr\/#website\"},\"datePublished\":\"2023-04-19T20:38:54+00:00\",\"dateModified\":\"2023-05-26T23:22:03+00:00\",\"description\":\"Telico est une marque pour les penseurs, les pr\u00e9curseurs, les adeptes habiles de la technologie. Vous souhaitez travailler ensemble ? Consultez nos postes disponibles.\",\"breadcrumb\":{\"@id\":\"https:\/\/telico.ca\/fr\/carrieres\/#breadcrumb\"},\"inLanguage\":\"en-US\",\"potentialAction\":[{\"@type\":\"ReadAction\",\"target\":[\"https:\/\/telico.ca\/fr\/carrieres\/\"]}]},{\"@type\":\"BreadcrumbList\",\"@id\":\"https:\/\/telico.ca\/fr\/carrieres\/#breadcrumb\",\"itemListElement\":[{\"@type\":\"ListItem\",\"position\":1,\"name\":\"Page d'accueil\",\"item\":\"https:\/\/telico.ca\/fr\/\"},{\"@type\":\"ListItem\",\"position\":2,\"name\":\"Carri\u00e8res\"}]},{\"@type\":\"WebSite\",\"@id\":\"https:\/\/telico.ca\/fr\/#website\",\"url\":\"https:\/\/telico.ca\/fr\/\",\"name\":\"Telico\",\"description\":\"\",\"publisher\":{\"@id\":\"https:\/\/telico.ca\/fr\/#organization\"},\"potentialAction\":[{\"@type\":\"SearchAction\",\"target\":{\"@type\":\"EntryPoint\",\"urlTemplate\":\"https:\/\/telico.ca\/fr\/?s={search_term_string}\"},\"query-input\":\"required name=search_term_string\"}],\"inLanguage\":\"en-US\"},{\"@type\":\"Organization\",\"@id\":\"https:\/\/telico.ca\/fr\/#organization\",\"name\":\"Telico\",\"url\":\"https:\/\/telico.ca\/fr\/\",\"logo\":{\"@type\":\"ImageObject\",\"inLanguage\":\"en-US\",\"@id\":\"https:\/\/telico.ca\/fr\/#\/schema\/logo\/image\/\",\"url\":\"https:\/\/telico.ca\/fr\/wp-content\/uploads\/2023\/04\/lg.png\",\"contentUrl\":\"https:\/\/telico.ca\/fr\/wp-content\/uploads\/2023\/04\/lg.png\",\"width\":252,\"height\":58,\"caption\":\"Telico\"},\"image\":{\"@id\":\"https:\/\/telico.ca\/fr\/#\/schema\/logo\/image\/\"}}]}<\/script>\n<!-- \/ Yoast SEO plugin. -->","yoast_head_json":{"title":"Carri\u00e8res | Telico","description":"Telico est une marque pour les penseurs, les pr\u00e9curseurs, les adeptes habiles de la technologie. Vous souhaitez travailler ensemble ? Consultez nos postes disponibles.","robots":{"index":"index","follow":"follow","max-snippet":"max-snippet:-1","max-image-preview":"max-image-preview:large","max-video-preview":"max-video-preview:-1"},"canonical":"https:\/\/telico.ca\/fr\/carrieres\/","og_locale":"en_US","og_type":"article","og_title":"Carri\u00e8res | Telico","og_description":"Telico est une marque pour les penseurs, les pr\u00e9curseurs, les adeptes habiles de la technologie. Vous souhaitez travailler ensemble ? Consultez nos postes disponibles.","og_url":"https:\/\/telico.ca\/fr\/carrieres\/","og_site_name":"Telico","article_modified_time":"2023-05-26T23:22:03+00:00","og_image":[{"url":"https:\/\/telico.ca\/fr\/wp-content\/uploads\/2023\/04\/Telico-Careers-Hero.jpg"}],"twitter_card":"summary_large_image","twitter_misc":{"Est. reading time":"2 minutes"},"schema":{"@context":"https:\/\/schema.org","@graph":[{"@type":"WebPage","@id":"https:\/\/telico.ca\/fr\/carrieres\/","url":"https:\/\/telico.ca\/fr\/carrieres\/","name":"Carri\u00e8res | Telico","isPartOf":{"@id":"https:\/\/telico.ca\/fr\/#website"},"datePublished":"2023-04-19T20:38:54+00:00","dateModified":"2023-05-26T23:22:03+00:00","description":"Telico est une marque pour les penseurs, les pr\u00e9curseurs, les adeptes habiles de la technologie. Vous souhaitez travailler ensemble ? Consultez nos postes disponibles.","breadcrumb":{"@id":"https:\/\/telico.ca\/fr\/carrieres\/#breadcrumb"},"inLanguage":"en-US","potentialAction":[{"@type":"ReadAction","target":["https:\/\/telico.ca\/fr\/carrieres\/"]}]},{"@type":"BreadcrumbList","@id":"https:\/\/telico.ca\/fr\/carrieres\/#breadcrumb","itemListElement":[{"@type":"ListItem","position":1,"name":"Page d'accueil","item":"https:\/\/telico.ca\/fr\/"},{"@type":"ListItem","position":2,"name":"Carri\u00e8res"}]},{"@type":"WebSite","@id":"https:\/\/telico.ca\/fr\/#website","url":"https:\/\/telico.ca\/fr\/","name":"Telico","description":"","publisher":{"@id":"https:\/\/telico.ca\/fr\/#organization"},"potentialAction":[{"@type":"SearchAction","target":{"@type":"EntryPoint","urlTemplate":"https:\/\/telico.ca\/fr\/?s={search_term_string}"},"query-input":"required name=search_term_string"}],"inLanguage":"en-US"},{"@type":"Organization","@id":"https:\/\/telico.ca\/fr\/#organization","name":"Telico","url":"https:\/\/telico.ca\/fr\/","logo":{"@type":"ImageObject","inLanguage":"en-US","@id":"https:\/\/telico.ca\/fr\/#\/schema\/logo\/image\/","url":"https:\/\/telico.ca\/fr\/wp-content\/uploads\/2023\/04\/lg.png","contentUrl":"https:\/\/telico.ca\/fr\/wp-content\/uploads\/2023\/04\/lg.png","width":252,"height":58,"caption":"Telico"},"image":{"@id":"https:\/\/telico.ca\/fr\/#\/schema\/logo\/image\/"}}]}},"_links":{"self":[{"href":"https:\/\/telico.ca\/fr\/wp-json\/wp\/v2\/pages\/185"}],"collection":[{"href":"https:\/\/telico.ca\/fr\/wp-json\/wp\/v2\/pages"}],"about":[{"href":"https:\/\/telico.ca\/fr\/wp-json\/wp\/v2\/types\/page"}],"author":[{"embeddable":true,"href":"https:\/\/telico.ca\/fr\/wp-json\/wp\/v2\/users\/1"}],"replies":[{"embeddable":true,"href":"https:\/\/telico.ca\/fr\/wp-json\/wp\/v2\/comments?post=185"}],"version-history":[{"count":33,"href":"https:\/\/telico.ca\/fr\/wp-json\/wp\/v2\/pages\/185\/revisions"}],"predecessor-version":[{"id":572,"href":"https:\/\/telico.ca\/fr\/wp-json\/wp\/v2\/pages\/185\/revisions\/572"}],"wp:attachment":[{"href":"https:\/\/telico.ca\/fr\/wp-json\/wp\/v2\/media?parent=185"}],"curies":[{"name":"wp","href":"https:\/\/api.w.org\/{rel}","templated":true}]}}