{"id":164,"date":"2023-04-17T13:58:15","date_gmt":"2023-04-17T20:58:15","guid":{"rendered":"https:\/\/telico.ca\/fr\/?page_id=164"},"modified":"2023-06-08T12:36:14","modified_gmt":"2023-06-08T19:36:14","slug":"equipement","status":"publish","type":"page","link":"https:\/\/telico.ca\/fr\/equipement\/","title":{"rendered":"\u00c9quipement"},"content":{"rendered":"\n<div class=\"wp-block-cover is-style-hero is-style-hero-dark-gray-sibling\"><span aria-hidden=\"true\" class=\"wp-block-cover__background has-foreground-background-color has-background-dim-80 has-background-dim\"><\/span><img decoding=\"async\" loading=\"lazy\" width=\"2000\" height=\"1125\" class=\"wp-block-cover__image-background wp-image-130\" alt=\"\" src=\"https:\/\/telico.ca\/fr\/wp-content\/uploads\/2023\/04\/AdobeStock_275018303.jpeg\" data-object-fit=\"cover\" srcset=\"https:\/\/telico.ca\/fr\/wp-content\/uploads\/2023\/04\/AdobeStock_275018303.jpeg 2000w, https:\/\/telico.ca\/fr\/wp-content\/uploads\/2023\/04\/AdobeStock_275018303-1200x675.jpeg 1200w, https:\/\/telico.ca\/fr\/wp-content\/uploads\/2023\/04\/AdobeStock_275018303-1920x1080.jpeg 1920w, https:\/\/telico.ca\/fr\/wp-content\/uploads\/2023\/04\/AdobeStock_275018303-768x432.jpeg 768w, https:\/\/telico.ca\/fr\/wp-content\/uploads\/2023\/04\/AdobeStock_275018303-1536x864.jpeg 1536w\" sizes=\"(max-width: 2000px) 100vw, 2000px\" \/><div class=\"wp-block-cover__inner-container\">\n<h1 class=\"wp-block-heading has-text-align-center\">Nos <em>\u00c9quipements<\/em> <\/h1>\n<\/div><button class=\"hero-scroll\">Scroll<\/button><\/div>\n\n\n\n<div class=\"wp-block-group is-style-page-section is-style-equipment-list has-gray-color has-dark-gray-background-color has-text-color has-background is-layout-flow\">\n<div class=\"wp-block-group is-style-equipment-item-wrapper has-foreground-background-color has-background is-layout-flow\">\n<h2 class=\"wp-block-heading has-background-color has-text-color\">IP Phone<\/h2>\n\n\n\n<div class=\"wp-block-media-text alignwide has-media-on-the-right is-stacked-on-mobile is-vertically-aligned-top\"><div class=\"wp-block-media-text__content\">\n<p>Lorsque vous alimentez la communication, tout devient possible. Les logiciels de VoIP et nos t\u00e9l\u00e9phones IP changent constamment notre fa\u00e7on de communiquer pour le mieux. Avec une qualit\u00e9 d&#8217;appel in\u00e9gal\u00e9e et des avantages bas\u00e9s sur les utilisateurs tels que la redirection d&#8217;appels, la messagerie vocale par courrier \u00e9lectronique et une configuration de travail \u00e0 distance transparente, les t\u00e9l\u00e9phones IP rendent votre vie plus connect\u00e9e.<\/p>\n<\/div><figure class=\"wp-block-media-text__media\"><img decoding=\"async\" loading=\"lazy\" width=\"840\" height=\"901\" src=\"https:\/\/telico.ca\/fr\/wp-content\/uploads\/2023\/04\/Telico-Cloud-Phone-Systems@2x.png\" alt=\"\" class=\"wp-image-31 size-full\" srcset=\"https:\/\/telico.ca\/fr\/wp-content\/uploads\/2023\/04\/Telico-Cloud-Phone-Systems@2x.png 840w, https:\/\/telico.ca\/fr\/wp-content\/uploads\/2023\/04\/Telico-Cloud-Phone-Systems@2x-768x824.png 768w\" sizes=\"(max-width: 840px) 100vw, 840px\" \/><\/figure><\/div>\n<\/div>\n\n\n\n<div class=\"wp-block-group is-style-equipment-item-wrapper has-foreground-background-color has-background is-layout-flow\">\n<h2 class=\"wp-block-heading has-background-color has-text-color\">Headsets<\/h2>\n\n\n\n<div class=\"wp-block-media-text alignwide has-media-on-the-right is-stacked-on-mobile is-vertically-aligned-top\"><div class=\"wp-block-media-text__content\">\n<p>Tous ces bruits que vous ne pouvez pas bloquer ? Vous n&#8217;avez pas \u00e0 le faire. Il vous suffit de mettre l&#8217;un de nos casques et de vous plonger dans la productivit\u00e9. Il n&#8217;y a aucun probl\u00e8me que la qualit\u00e9 audio sup\u00e9rieure et l&#8217;annulation du bruit ne peuvent pas r\u00e9soudre. Con\u00e7us pour le confort, vous oublierez m\u00eame que vous portez un casque.<\/p>\n<\/div><figure class=\"wp-block-media-text__media\"><img decoding=\"async\" loading=\"lazy\" width=\"1100\" height=\"1050\" src=\"https:\/\/telico.ca\/fr\/wp-content\/uploads\/2023\/06\/Telico-Equipment-Headsets.png\" alt=\"\" class=\"wp-image-587 size-full\" srcset=\"https:\/\/telico.ca\/fr\/wp-content\/uploads\/2023\/06\/Telico-Equipment-Headsets.png 1100w, https:\/\/telico.ca\/fr\/wp-content\/uploads\/2023\/06\/Telico-Equipment-Headsets-768x733.png 768w\" sizes=\"(max-width: 1100px) 100vw, 1100px\" \/><\/figure><\/div>\n<\/div>\n\n\n\n<div class=\"wp-block-group is-style-equipment-item-wrapper has-foreground-background-color has-background is-layout-flow\">\n<h2 class=\"wp-block-heading has-background-color has-text-color\">Switches<\/h2>\n\n\n\n<div class=\"wp-block-media-text alignwide has-media-on-the-right is-stacked-on-mobile is-vertically-aligned-top\"><div class=\"wp-block-media-text__content\">\n<p>Optimisez les performances de votre r\u00e9seau avec nos commutateurs haute vitesse, offrant une gestion intelligente du trafic et une prise en charge POE pour alimenter les appareils connect\u00e9s. Faciles \u00e0 g\u00e9rer, encore plus faciles \u00e0 mettre en \u0153uvre.<\/p>\n<\/div><figure class=\"wp-block-media-text__media\"><img decoding=\"async\" loading=\"lazy\" width=\"1100\" height=\"1050\" src=\"https:\/\/telico.ca\/fr\/wp-content\/uploads\/2023\/04\/Telico-Systems-Networking@2x.png\" alt=\"\" class=\"wp-image-148 size-full\" srcset=\"https:\/\/telico.ca\/fr\/wp-content\/uploads\/2023\/04\/Telico-Systems-Networking@2x.png 1100w, https:\/\/telico.ca\/fr\/wp-content\/uploads\/2023\/04\/Telico-Systems-Networking@2x-768x733.png 768w\" sizes=\"(max-width: 1100px) 100vw, 1100px\" \/><\/figure><\/div>\n<\/div>\n\n\n\n<div class=\"wp-block-group is-style-equipment-item-wrapper has-foreground-background-color has-background is-layout-flow\">\n<h2 class=\"wp-block-heading has-background-color has-text-color\">Mixed Reality<\/h2>\n\n\n\n<div class=\"wp-block-media-text alignwide has-media-on-the-right is-stacked-on-mobile is-vertically-aligned-top\"><div class=\"wp-block-media-text__content\">\n<p>Comment pouvez-vous exploiter les technologies \u00e9mergentes comme les casques de r\u00e9alit\u00e9 virtuelle ? Les possibilit\u00e9s sont infinies. Lorsque vous portez l&#8217;un de nos casques de r\u00e9alit\u00e9 virtuelle ergonomiques, vous plongez compl\u00e8tement dans un environnement haute r\u00e9solution avec un suivi \u00e0 faible latence.<\/p>\n<\/div><figure class=\"wp-block-media-text__media\"><img decoding=\"async\" loading=\"lazy\" width=\"1100\" height=\"1050\" src=\"https:\/\/telico.ca\/fr\/wp-content\/uploads\/2023\/06\/Telico-Equipment-MixedReality.png\" alt=\"\" class=\"wp-image-589 size-full\" srcset=\"https:\/\/telico.ca\/fr\/wp-content\/uploads\/2023\/06\/Telico-Equipment-MixedReality.png 1100w, https:\/\/telico.ca\/fr\/wp-content\/uploads\/2023\/06\/Telico-Equipment-MixedReality-768x733.png 768w\" sizes=\"(max-width: 1100px) 100vw, 1100px\" \/><\/figure><\/div>\n<\/div>\n\n\n\n<div class=\"wp-block-group is-style-equipment-item-wrapper has-foreground-background-color has-background is-layout-flow\">\n<h2 class=\"wp-block-heading has-background-color has-text-color\">Accessories<\/h2>\n\n\n\n<div class=\"wp-block-media-text alignwide has-media-on-the-right is-stacked-on-mobile is-vertically-aligned-top\"><div class=\"wp-block-media-text__content\">\n<p>Vous souhaitez que votre technologie fonctionne \u00e0 des niveaux optimaux, et une partie de l&#8217;obtention de hautes performances r\u00e9side dans les soins apport\u00e9s. Nous proposons une gamme d&#8217;accessoires personnalis\u00e9s, ainsi que des c\u00e2bles, des chargeurs et des \u00e9tuis, s\u00e9lectionn\u00e9s pour am\u00e9liorer la dur\u00e9e de vie et les fonctionnalit\u00e9s de votre \u00e9quipement.<\/p>\n<\/div><figure class=\"wp-block-media-text__media\"><img decoding=\"async\" loading=\"lazy\" width=\"1100\" height=\"1050\" src=\"https:\/\/telico.ca\/fr\/wp-content\/uploads\/2023\/04\/Telico-Systems-Accessories@2x.png\" alt=\"\" class=\"wp-image-145 size-full\" srcset=\"https:\/\/telico.ca\/fr\/wp-content\/uploads\/2023\/04\/Telico-Systems-Accessories@2x.png 1100w, https:\/\/telico.ca\/fr\/wp-content\/uploads\/2023\/04\/Telico-Systems-Accessories@2x-768x733.png 768w\" sizes=\"(max-width: 1100px) 100vw, 1100px\" \/><\/figure><\/div>\n<\/div>\n<\/div>\n\n\n\n<div class=\"wp-block-cover is-style-page-section is-style-equipment-contact\"><span aria-hidden=\"true\" class=\"wp-block-cover__background has-foreground-background-color has-background-dim-70 has-background-dim\"><\/span><img decoding=\"async\" loading=\"lazy\" width=\"2560\" height=\"1707\" class=\"wp-block-cover__image-background wp-image-20\" alt=\"\" src=\"https:\/\/telico.ca\/fr\/wp-content\/uploads\/2023\/04\/dylan-gillis-KdeqA3aTnBY-unsplash-scaled.jpg\" data-object-fit=\"cover\" srcset=\"https:\/\/telico.ca\/fr\/wp-content\/uploads\/2023\/04\/dylan-gillis-KdeqA3aTnBY-unsplash-scaled.jpg 2560w, https:\/\/telico.ca\/fr\/wp-content\/uploads\/2023\/04\/dylan-gillis-KdeqA3aTnBY-unsplash-1200x800.jpg 1200w, https:\/\/telico.ca\/fr\/wp-content\/uploads\/2023\/04\/dylan-gillis-KdeqA3aTnBY-unsplash-1920x1280.jpg 1920w, https:\/\/telico.ca\/fr\/wp-content\/uploads\/2023\/04\/dylan-gillis-KdeqA3aTnBY-unsplash-768x512.jpg 768w, https:\/\/telico.ca\/fr\/wp-content\/uploads\/2023\/04\/dylan-gillis-KdeqA3aTnBY-unsplash-1536x1024.jpg 1536w, https:\/\/telico.ca\/fr\/wp-content\/uploads\/2023\/04\/dylan-gillis-KdeqA3aTnBY-unsplash-2048x1365.jpg 2048w\" sizes=\"(max-width: 2560px) 100vw, 2560px\" \/><div class=\"wp-block-cover__inner-container\">\n<h2 class=\"wp-block-heading has-text-align-left\">Vous souhaitez \u00e9tendre vos <em>communications?<\/em> Contactez-nous d\u00e8s aujourd&#8217;hui<\/h2>\n\n\n\n<div class=\"wp-block-columns is-style-homepage-communication-bottom is-layout-flex wp-container-10\">\n<div class=\"wp-block-column is-layout-flow\" style=\"flex-basis:50%\">\n<p>Nous sommes l\u00e0 pour vous soutenir \u00e0 chaque \u00e9tape du chemin. N&#8217;h\u00e9sitez pas \u00e0 nous contacter d\u00e8s aujourd&#8217;hui et notre \u00e9quipe vous r\u00e9pondra dans un d\u00e9lai d&#8217;un jour ouvrable.<\/p>\n<\/div>\n\n\n\n<div class=\"wp-block-column is-layout-flow\" style=\"flex-basis:50%\">\n<div class=\"wp-block-buttons is-content-justification-right is-layout-flex wp-container-8\">\n<div class=\"wp-block-button\"><a class=\"wp-block-button__link has-background-background-color has-background wp-element-button\" href=\"https:\/\/telico.ca\/fr\/contact\/\"><span class=\"wp-block-button__link-doodad\"><svg xmlns=\"http:\/\/www.w3.org\/2000\/svg\" viewBox=\"0 0 14 21\" width=\"14\" height=\"21\"><g fill=\"currentColor\"><circle cx=\"10.5\" cy=\"10.5\" r=\"3.5\"\/><circle cx=\"3.5\" cy=\"3.5\" r=\"3.5\"\/><circle cx=\"3.5\" cy=\"17.5\" r=\"3.5\"\/><\/g><\/svg><\/span>Contactez-nous<\/a><\/div>\n<\/div>\n<\/div>\n<\/div>\n<\/div><\/div>\n","protected":false},"excerpt":{"rendered":"<p>IP Phone Lorsque vous alimentez la communication, tout devient possible. Les logiciels de VoIP et nos t\u00e9l\u00e9phones IP changent constamment notre fa\u00e7on de communiquer pour le mieux. Avec une qualit\u00e9 d&#8217;appel in\u00e9gal\u00e9e et des avantages bas\u00e9s sur les utilisateurs tels que la redirection d&#8217;appels, la messagerie vocale par courrier \u00e9lectronique et une configuration de travail [&hellip;]<\/p>\n","protected":false},"author":1,"featured_media":0,"parent":0,"menu_order":20,"comment_status":"closed","ping_status":"closed","template":"","meta":[],"acf":[],"yoast_head":"<!-- This site is optimized with the Yoast SEO plugin v20.8 - https:\/\/yoast.com\/wordpress\/plugins\/seo\/ -->\n<title>Salut, nous sommes Telico | D\u00e9couvrez notre logiciel de VoIP \u00e9volutif<\/title>\n<meta name=\"description\" content=\"\u00c9quip\u00e9 d&#039;un logiciel de VoIP de nouvelle g\u00e9n\u00e9ration et de tous les accessoires dont vous avez besoin pour \u00e9quiper votre entreprise, Telico est l\u00e0 pour amplifier la connexion avec une technologie performante.\" \/>\n<meta name=\"robots\" content=\"index, follow, max-snippet:-1, max-image-preview:large, max-video-preview:-1\" \/>\n<link rel=\"canonical\" href=\"https:\/\/telico.ca\/fr\/equipement\/\" \/>\n<meta property=\"og:locale\" content=\"en_US\" \/>\n<meta property=\"og:type\" content=\"article\" \/>\n<meta property=\"og:title\" content=\"Salut, nous sommes Telico | D\u00e9couvrez notre logiciel de VoIP \u00e9volutif\" \/>\n<meta property=\"og:description\" content=\"\u00c9quip\u00e9 d&#039;un logiciel de VoIP de nouvelle g\u00e9n\u00e9ration et de tous les accessoires dont vous avez besoin pour \u00e9quiper votre entreprise, Telico est l\u00e0 pour amplifier la connexion avec une technologie performante.\" \/>\n<meta property=\"og:url\" content=\"https:\/\/telico.ca\/fr\/equipement\/\" \/>\n<meta property=\"og:site_name\" content=\"Telico\" \/>\n<meta property=\"article:modified_time\" content=\"2023-06-08T19:36:14+00:00\" \/>\n<meta property=\"og:image\" content=\"https:\/\/telico.ca\/fr\/wp-content\/uploads\/2023\/04\/AdobeStock_275018303.jpeg\" \/>\n<meta name=\"twitter:card\" content=\"summary_large_image\" \/>\n<meta name=\"twitter:label1\" content=\"Est. reading time\" \/>\n\t<meta name=\"twitter:data1\" content=\"3 minutes\" \/>\n<script type=\"application\/ld+json\" class=\"yoast-schema-graph\">{\"@context\":\"https:\/\/schema.org\",\"@graph\":[{\"@type\":\"WebPage\",\"@id\":\"https:\/\/telico.ca\/fr\/equipement\/\",\"url\":\"https:\/\/telico.ca\/fr\/equipement\/\",\"name\":\"Salut, nous sommes Telico | D\u00e9couvrez notre logiciel de VoIP \u00e9volutif\",\"isPartOf\":{\"@id\":\"https:\/\/telico.ca\/fr\/#website\"},\"datePublished\":\"2023-04-17T20:58:15+00:00\",\"dateModified\":\"2023-06-08T19:36:14+00:00\",\"description\":\"\u00c9quip\u00e9 d'un logiciel de VoIP de nouvelle g\u00e9n\u00e9ration et de tous les accessoires dont vous avez besoin pour \u00e9quiper votre entreprise, Telico est l\u00e0 pour amplifier la connexion avec une technologie performante.\",\"breadcrumb\":{\"@id\":\"https:\/\/telico.ca\/fr\/equipement\/#breadcrumb\"},\"inLanguage\":\"en-US\",\"potentialAction\":[{\"@type\":\"ReadAction\",\"target\":[\"https:\/\/telico.ca\/fr\/equipement\/\"]}]},{\"@type\":\"BreadcrumbList\",\"@id\":\"https:\/\/telico.ca\/fr\/equipement\/#breadcrumb\",\"itemListElement\":[{\"@type\":\"ListItem\",\"position\":1,\"name\":\"Page d'accueil\",\"item\":\"https:\/\/telico.ca\/fr\/\"},{\"@type\":\"ListItem\",\"position\":2,\"name\":\"\u00c9quipement\"}]},{\"@type\":\"WebSite\",\"@id\":\"https:\/\/telico.ca\/fr\/#website\",\"url\":\"https:\/\/telico.ca\/fr\/\",\"name\":\"Telico\",\"description\":\"\",\"publisher\":{\"@id\":\"https:\/\/telico.ca\/fr\/#organization\"},\"potentialAction\":[{\"@type\":\"SearchAction\",\"target\":{\"@type\":\"EntryPoint\",\"urlTemplate\":\"https:\/\/telico.ca\/fr\/?s={search_term_string}\"},\"query-input\":\"required name=search_term_string\"}],\"inLanguage\":\"en-US\"},{\"@type\":\"Organization\",\"@id\":\"https:\/\/telico.ca\/fr\/#organization\",\"name\":\"Telico\",\"url\":\"https:\/\/telico.ca\/fr\/\",\"logo\":{\"@type\":\"ImageObject\",\"inLanguage\":\"en-US\",\"@id\":\"https:\/\/telico.ca\/fr\/#\/schema\/logo\/image\/\",\"url\":\"https:\/\/telico.ca\/fr\/wp-content\/uploads\/2023\/04\/lg.png\",\"contentUrl\":\"https:\/\/telico.ca\/fr\/wp-content\/uploads\/2023\/04\/lg.png\",\"width\":252,\"height\":58,\"caption\":\"Telico\"},\"image\":{\"@id\":\"https:\/\/telico.ca\/fr\/#\/schema\/logo\/image\/\"}}]}<\/script>\n<!-- \/ Yoast SEO plugin. -->","yoast_head_json":{"title":"Salut, nous sommes Telico | D\u00e9couvrez notre logiciel de VoIP \u00e9volutif","description":"\u00c9quip\u00e9 d'un logiciel de VoIP de nouvelle g\u00e9n\u00e9ration et de tous les accessoires dont vous avez besoin pour \u00e9quiper votre entreprise, Telico est l\u00e0 pour amplifier la connexion avec une technologie performante.","robots":{"index":"index","follow":"follow","max-snippet":"max-snippet:-1","max-image-preview":"max-image-preview:large","max-video-preview":"max-video-preview:-1"},"canonical":"https:\/\/telico.ca\/fr\/equipement\/","og_locale":"en_US","og_type":"article","og_title":"Salut, nous sommes Telico | D\u00e9couvrez notre logiciel de VoIP \u00e9volutif","og_description":"\u00c9quip\u00e9 d'un logiciel de VoIP de nouvelle g\u00e9n\u00e9ration et de tous les accessoires dont vous avez besoin pour \u00e9quiper votre entreprise, Telico est l\u00e0 pour amplifier la connexion avec une technologie performante.","og_url":"https:\/\/telico.ca\/fr\/equipement\/","og_site_name":"Telico","article_modified_time":"2023-06-08T19:36:14+00:00","og_image":[{"url":"https:\/\/telico.ca\/fr\/wp-content\/uploads\/2023\/04\/AdobeStock_275018303.jpeg"}],"twitter_card":"summary_large_image","twitter_misc":{"Est. reading time":"3 minutes"},"schema":{"@context":"https:\/\/schema.org","@graph":[{"@type":"WebPage","@id":"https:\/\/telico.ca\/fr\/equipement\/","url":"https:\/\/telico.ca\/fr\/equipement\/","name":"Salut, nous sommes Telico | D\u00e9couvrez notre logiciel de VoIP \u00e9volutif","isPartOf":{"@id":"https:\/\/telico.ca\/fr\/#website"},"datePublished":"2023-04-17T20:58:15+00:00","dateModified":"2023-06-08T19:36:14+00:00","description":"\u00c9quip\u00e9 d'un logiciel de VoIP de nouvelle g\u00e9n\u00e9ration et de tous les accessoires dont vous avez besoin pour \u00e9quiper votre entreprise, Telico est l\u00e0 pour amplifier la connexion avec une technologie performante.","breadcrumb":{"@id":"https:\/\/telico.ca\/fr\/equipement\/#breadcrumb"},"inLanguage":"en-US","potentialAction":[{"@type":"ReadAction","target":["https:\/\/telico.ca\/fr\/equipement\/"]}]},{"@type":"BreadcrumbList","@id":"https:\/\/telico.ca\/fr\/equipement\/#breadcrumb","itemListElement":[{"@type":"ListItem","position":1,"name":"Page d'accueil","item":"https:\/\/telico.ca\/fr\/"},{"@type":"ListItem","position":2,"name":"\u00c9quipement"}]},{"@type":"WebSite","@id":"https:\/\/telico.ca\/fr\/#website","url":"https:\/\/telico.ca\/fr\/","name":"Telico","description":"","publisher":{"@id":"https:\/\/telico.ca\/fr\/#organization"},"potentialAction":[{"@type":"SearchAction","target":{"@type":"EntryPoint","urlTemplate":"https:\/\/telico.ca\/fr\/?s={search_term_string}"},"query-input":"required name=search_term_string"}],"inLanguage":"en-US"},{"@type":"Organization","@id":"https:\/\/telico.ca\/fr\/#organization","name":"Telico","url":"https:\/\/telico.ca\/fr\/","logo":{"@type":"ImageObject","inLanguage":"en-US","@id":"https:\/\/telico.ca\/fr\/#\/schema\/logo\/image\/","url":"https:\/\/telico.ca\/fr\/wp-content\/uploads\/2023\/04\/lg.png","contentUrl":"https:\/\/telico.ca\/fr\/wp-content\/uploads\/2023\/04\/lg.png","width":252,"height":58,"caption":"Telico"},"image":{"@id":"https:\/\/telico.ca\/fr\/#\/schema\/logo\/image\/"}}]}},"_links":{"self":[{"href":"https:\/\/telico.ca\/fr\/wp-json\/wp\/v2\/pages\/164"}],"collection":[{"href":"https:\/\/telico.ca\/fr\/wp-json\/wp\/v2\/pages"}],"about":[{"href":"https:\/\/telico.ca\/fr\/wp-json\/wp\/v2\/types\/page"}],"author":[{"embeddable":true,"href":"https:\/\/telico.ca\/fr\/wp-json\/wp\/v2\/users\/1"}],"replies":[{"embeddable":true,"href":"https:\/\/telico.ca\/fr\/wp-json\/wp\/v2\/comments?post=164"}],"version-history":[{"count":20,"href":"https:\/\/telico.ca\/fr\/wp-json\/wp\/v2\/pages\/164\/revisions"}],"predecessor-version":[{"id":591,"href":"https:\/\/telico.ca\/fr\/wp-json\/wp\/v2\/pages\/164\/revisions\/591"}],"wp:attachment":[{"href":"https:\/\/telico.ca\/fr\/wp-json\/wp\/v2\/media?parent=164"}],"curies":[{"name":"wp","href":"https:\/\/api.w.org\/{rel}","templated":true}]}}